{"id":230,"date":"2019-07-16T21:00:32","date_gmt":"2019-07-17T00:00:32","guid":{"rendered":"https:\/\/demosites.io\/fitness\/?page_id=51"},"modified":"2025-08-18T17:17:10","modified_gmt":"2025-08-18T20:17:10","slug":"contato","status":"publish","type":"page","link":"https:\/\/destacservicos.com.br\/index.php\/contato\/","title":{"rendered":"Contato"},"content":{"rendered":"<h2>CONTATO<\/h2>\n<p>N\u00c3O HESITE EM NOS CONTATAR<\/p>\n<h2>Nos envie uma mensagem<\/h2>\n<p>A import\u00e2ncia do contato com a nossa empresa \u00e9 muito grande para que possamos lhe atender. Al\u00e9m disso, nos escrevendo sua demanda, podemos analisar a viabilidade do servi\u00e7o e realizar a formaliza\u00e7\u00e3o da proposta comercial&nbsp;<\/p>\n<p><strong>CLIQUE NO N\u00daMERO ABAIXO PARA CONTATO DIRETO!<\/strong><\/p>\n<ul>\n<li>\n\t\t\t\t\t<a href=\"https:\/\/api.whatsapp.com\/send?phone=551332961023\"><br \/>\n(13) 3469-3909<br \/>\n<\/a><\/li>\n<li>\n\t\t\t\t\t\t\t\t\t\tdestactermografia@gmail.com<\/li>\n<\/ul>\n<ul>\n<li>\n\t\t\t\t\t\t\t\t\t\tR. Benjamin Constant, 61 &#8211; Centro, S\u00e3o Vicente &#8211; SP, 11310-500 &#8211;        sala 2018<\/li>\n<\/ul>\n<p><a href=\"http:\/\/api.whatsapp.com\/send?phone=551334693909\" target=\"_blank\" rel=\"noopener noreferrer\"><br \/>\nWhatsapp<br \/>\n<\/a><\/p>\n<form id=\"wpforms-form-157\" data-formid=\"157\" method=\"post\" enctype=\"multipart\/form-data\" action=\"\/wp-admin\/admin-ajax.php\"><noscript>Ative o JavaScript no seu navegador para preencher este formul\u00e1rio.<\/noscript><label for=\"wpforms-157-field_0\">Nome *<\/label><input type=\"text\" id=\"wpforms-157-field_0\" name=\"wpforms[fields][0][first]\" required=\"\"><label for=\"wpforms-157-field_0\">Nome<\/label><input type=\"text\" id=\"wpforms-157-field_0-last\" name=\"wpforms[fields][0][last]\" required=\"\"><label for=\"wpforms-157-field_0-last\">Sobrenome<\/label><label for=\"wpforms-157-field_1\">E-mail *<\/label><input type=\"email\" id=\"wpforms-157-field_1\" name=\"wpforms[fields][1]\" required=\"\"><label for=\"wpforms-157-field_5\">Telefone  *<\/label><input type=\"text\" id=\"wpforms-157-field_5\" name=\"wpforms[fields][5]\" required=\"\"><label for=\"wpforms-157-field_3\">Que tipo de cliente voc\u00ea \u00e9? *<\/label><\/p>\n<ul id=\"wpforms-157-field_3\">\n<li><input type=\"radio\" id=\"wpforms-157-field_3_1\" name=\"wpforms[fields][3]\" value=\"Pessoa Jur\u00eddica\" required=\"\"><label for=\"wpforms-157-field_3_1\">Pessoa Jur\u00eddica<\/label><\/li>\n<li><input type=\"radio\" id=\"wpforms-157-field_3_2\" name=\"wpforms[fields][3]\" value=\"Pessoa F\u00edsica\" required=\"\"><label for=\"wpforms-157-field_3_2\">Pessoa F\u00edsica<\/label><\/li>\n<\/ul>\n<p><label for=\"wpforms-157-field_4\">J\u00e1 contratou servi\u00e7os com a Destac? *<\/label><select id=\"wpforms-157-field_4\" name=\"wpforms[fields][4]\" required=\"required\"><option value=\"Sim\">Sim<\/option><option value=\"N\u00e3o\">N\u00e3o<\/option><\/select><label for=\"wpforms-157-field_2\">Qual sua solicita\u00e7\u00e3o? *<\/label><textarea id=\"wpforms-157-field_2\" name=\"wpforms[fields][2]\" required=\"\"><\/textarea><label for=\"wpforms-157-field-hp\">Name<\/label><input type=\"text\" name=\"wpforms[hp]\" id=\"wpforms-157-field-hp\"><input type=\"hidden\" name=\"wpforms[id]\" value=\"157\"><input type=\"hidden\" name=\"wpforms[author]\" value=\"1\"><button type=\"submit\" name=\"wpforms[submit]\" id=\"wpforms-submit-157\" value=\"wpforms-submit\" aria-live=\"assertive\" data-alt-text=\"Enviando...\" data-submit-text=\"Enviar\">Enviar<\/button><\/p>\n<\/form>\n<p>  <!-- .wpforms-container --><\/p>\n","protected":false},"excerpt":{"rendered":"<p>CONTATO N\u00c3O HESITE EM NOS CONTATAR Nos envie uma mensagem A import\u00e2ncia do contato com a nossa empresa \u00e9 muito grande para que possamos lhe atender. Al\u00e9m disso, nos escrevendo sua demanda, podemos analisar a viabilidade do servi\u00e7o e realizar a formaliza\u00e7\u00e3o da proposta comercial&nbsp; CLIQUE NO N\u00daMERO ABAIXO PARA CONTATO DIRETO! (13) 3469-3909 destactermografia@gmail.com&hellip;&nbsp;<a href=\"https:\/\/destacservicos.com.br\/index.php\/contato\/\" class=\"\" rel=\"bookmark\">Continue a ler &raquo;<span class=\"screen-reader-text\">Contato<\/span><\/a><\/p>\n","protected":false},"author":1,"featured_media":0,"parent":0,"menu_order":0,"comment_status":"closed","ping_status":"closed","template":"page-templates\/template-pagebuilder-full-width.php","meta":{"footnotes":""},"class_list":["post-230","page","type-page","status-publish","hentry"],"yoast_head":"<!-- This site is optimized with the Yoast SEO plugin v14.9 - https:\/\/yoast.com\/wordpress\/plugins\/seo\/ -->\n<title>Contato - Destac Servi\u00e7os<\/title>\n<meta name=\"robots\" content=\"index, follow, max-snippet:-1, max-image-preview:large, max-video-preview:-1\" \/>\n<link rel=\"canonical\" href=\"https:\/\/destacservicos.com.br\/index.php\/contato\/\" \/>\n<meta property=\"og:locale\" content=\"pt_BR\" \/>\n<meta property=\"og:type\" content=\"article\" \/>\n<meta property=\"og:title\" content=\"Contato - Destac Servi\u00e7os\" \/>\n<meta property=\"og:description\" content=\"CONTATO N\u00c3O HESITE EM NOS CONTATAR Nos envie uma mensagem A import\u00e2ncia do contato com a nossa empresa \u00e9 muito grande para que possamos lhe atender. Al\u00e9m disso, nos escrevendo sua demanda, podemos analisar a viabilidade do servi\u00e7o e realizar a formaliza\u00e7\u00e3o da proposta comercial&nbsp; CLIQUE NO N\u00daMERO ABAIXO PARA CONTATO DIRETO! (13) 3469-3909 destactermografia@gmail.com&hellip;&nbsp;Continue a ler &raquo;Contato\" \/>\n<meta property=\"og:url\" content=\"https:\/\/destacservicos.com.br\/index.php\/contato\/\" \/>\n<meta property=\"og:site_name\" content=\"Destac Servi\u00e7os\" \/>\n<meta property=\"article:modified_time\" content=\"2025-08-18T20:17:10+00:00\" \/>\n<meta name=\"twitter:card\" content=\"summary_large_image\" \/>\n<script type=\"application\/ld+json\" class=\"yoast-schema-graph\">{\"@context\":\"https:\/\/schema.org\",\"@graph\":[{\"@type\":\"Organization\",\"@id\":\"https:\/\/destacservicos.com.br\/#organization\",\"name\":\"Destac Servi\\u00e7os\",\"url\":\"https:\/\/destacservicos.com.br\/\",\"sameAs\":[],\"logo\":{\"@type\":\"ImageObject\",\"@id\":\"https:\/\/destacservicos.com.br\/#logo\",\"inLanguage\":\"pt-BR\",\"url\":\"https:\/\/destacservicos.com.br\/wp-content\/uploads\/2020\/07\/WhatsApp-Image-2020-03-17-at-10.23.42-1.jpeg\",\"width\":688,\"height\":232,\"caption\":\"Destac Servi\\u00e7os\"},\"image\":{\"@id\":\"https:\/\/destacservicos.com.br\/#logo\"}},{\"@type\":\"WebSite\",\"@id\":\"https:\/\/destacservicos.com.br\/#website\",\"url\":\"https:\/\/destacservicos.com.br\/\",\"name\":\"Destac Servi\\u00e7os\",\"description\":\"L\\u00edder na baixada santista\",\"publisher\":{\"@id\":\"https:\/\/destacservicos.com.br\/#organization\"},\"potentialAction\":[{\"@type\":\"SearchAction\",\"target\":\"https:\/\/destacservicos.com.br\/?s={search_term_string}\",\"query-input\":\"required name=search_term_string\"}],\"inLanguage\":\"pt-BR\"},{\"@type\":\"WebPage\",\"@id\":\"https:\/\/destacservicos.com.br\/index.php\/contato\/#webpage\",\"url\":\"https:\/\/destacservicos.com.br\/index.php\/contato\/\",\"name\":\"Contato - Destac Servi\\u00e7os\",\"isPartOf\":{\"@id\":\"https:\/\/destacservicos.com.br\/#website\"},\"datePublished\":\"2019-07-17T00:00:32+00:00\",\"dateModified\":\"2025-08-18T20:17:10+00:00\",\"inLanguage\":\"pt-BR\",\"potentialAction\":[{\"@type\":\"ReadAction\",\"target\":[\"https:\/\/destacservicos.com.br\/index.php\/contato\/\"]}]}]}<\/script>\n<!-- \/ Yoast SEO plugin. -->","_links":{"self":[{"href":"https:\/\/destacservicos.com.br\/index.php\/wp-json\/wp\/v2\/pages\/230","targetHints":{"allow":["GET"]}}],"collection":[{"href":"https:\/\/destacservicos.com.br\/index.php\/wp-json\/wp\/v2\/pages"}],"about":[{"href":"https:\/\/destacservicos.com.br\/index.php\/wp-json\/wp\/v2\/types\/page"}],"author":[{"embeddable":true,"href":"https:\/\/destacservicos.com.br\/index.php\/wp-json\/wp\/v2\/users\/1"}],"replies":[{"embeddable":true,"href":"https:\/\/destacservicos.com.br\/index.php\/wp-json\/wp\/v2\/comments?post=230"}],"version-history":[{"count":24,"href":"https:\/\/destacservicos.com.br\/index.php\/wp-json\/wp\/v2\/pages\/230\/revisions"}],"predecessor-version":[{"id":1652,"href":"https:\/\/destacservicos.com.br\/index.php\/wp-json\/wp\/v2\/pages\/230\/revisions\/1652"}],"wp:attachment":[{"href":"https:\/\/destacservicos.com.br\/index.php\/wp-json\/wp\/v2\/media?parent=230"}],"curies":[{"name":"wp","href":"https:\/\/api.w.org\/{rel}","templated":true}]}}