{"id":1366,"date":"2025-07-23T11:44:53","date_gmt":"2025-07-23T14:44:53","guid":{"rendered":"https:\/\/destacservicos.com.br\/?page_id=1366"},"modified":"2025-07-28T15:41:57","modified_gmt":"2025-07-28T18:41:57","slug":"mr176","status":"publish","type":"page","link":"https:\/\/destacservicos.com.br\/index.php\/mr176\/","title":{"rendered":""},"content":{"rendered":"\t\t<div data-elementor-type=\"wp-page\" data-elementor-id=\"1366\" class=\"elementor elementor-1366\">\n\t\t\t\t\t\t<section class=\"elementor-section elementor-top-section elementor-element elementor-element-6754f804 elementor-section-stretched elementor-section-boxed elementor-section-height-default elementor-section-height-default\" data-id=\"6754f804\" data-element_type=\"section\" data-settings=\"{&quot;background_background&quot;:&quot;classic&quot;,&quot;stretch_section&quot;:&quot;section-stretched&quot;}\">\n\t\t\t\t\t\t<div class=\"elementor-container elementor-column-gap-default\">\n\t\t\t\t\t<div class=\"elementor-column elementor-col-100 elementor-top-column elementor-element elementor-element-5e656e77\" data-id=\"5e656e77\" data-element_type=\"column\">\n\t\t\t<div class=\"elementor-widget-wrap elementor-element-populated\">\n\t\t\t\t\t\t<div class=\"elementor-element elementor-element-312dc3d0 elementor-widget elementor-widget-heading\" data-id=\"312dc3d0\" data-element_type=\"widget\" data-widget_type=\"heading.default\">\n\t\t\t\t<div class=\"elementor-widget-container\">\n\t\t\t\t\t<h1 class=\"elementor-heading-title elementor-size-default\">Medidores de Umidade<\/h1>\t\t\t\t<\/div>\n\t\t\t\t<\/div>\n\t\t\t\t\t<\/div>\n\t\t<\/div>\n\t\t\t\t\t<\/div>\n\t\t<\/section>\n\t\t\t\t<section class=\"elementor-section elementor-top-section elementor-element elementor-element-51fe102c elementor-section-boxed elementor-section-height-default elementor-section-height-default\" data-id=\"51fe102c\" data-element_type=\"section\">\n\t\t\t\t\t\t<div class=\"elementor-container elementor-column-gap-default\">\n\t\t\t\t\t<div class=\"elementor-column elementor-col-100 elementor-top-column elementor-element elementor-element-4013c046\" data-id=\"4013c046\" data-element_type=\"column\">\n\t\t\t<div class=\"elementor-widget-wrap elementor-element-populated\">\n\t\t\t\t\t\t<section class=\"elementor-section elementor-inner-section elementor-element elementor-element-434aeed4 elementor-section-content-middle elementor-section-boxed elementor-section-height-default elementor-section-height-default\" data-id=\"434aeed4\" data-element_type=\"section\">\n\t\t\t\t\t\t<div class=\"elementor-container elementor-column-gap-default\">\n\t\t\t\t\t<div class=\"elementor-column elementor-col-50 elementor-inner-column elementor-element elementor-element-a001498\" data-id=\"a001498\" data-element_type=\"column\">\n\t\t\t<div class=\"elementor-widget-wrap elementor-element-populated\">\n\t\t\t\t\t\t<div class=\"elementor-element elementor-element-7bb65bf8 elementor-widget elementor-widget-heading\" data-id=\"7bb65bf8\" data-element_type=\"widget\" data-widget_type=\"heading.default\">\n\t\t\t\t<div class=\"elementor-widget-container\">\n\t\t\t\t\t<span class=\"elementor-heading-title elementor-size-default\">ESPECIFICA\u00c7\u00d5ES<\/span>\t\t\t\t<\/div>\n\t\t\t\t<\/div>\n\t\t\t\t<div class=\"elementor-element elementor-element-99d7e4b elementor-widget elementor-widget-heading\" data-id=\"99d7e4b\" data-element_type=\"widget\" data-widget_type=\"heading.default\">\n\t\t\t\t<div class=\"elementor-widget-container\">\n\t\t\t\t\t<h1 class=\"elementor-heading-title elementor-size-default\">MR-176<\/h1>\t\t\t\t<\/div>\n\t\t\t\t<\/div>\n\t\t\t\t<div class=\"elementor-element elementor-element-184b4eb5 elementor-widget elementor-widget-text-editor\" data-id=\"184b4eb5\" data-element_type=\"widget\" data-widget_type=\"text-editor.default\">\n\t\t\t\t<div class=\"elementor-widget-container\">\n\t\t\t\t\t\t\t\t\t<div class=\"Product-description\" dir=\"auto\" data-js=\"ArabicTextDirection\"><p>Com a tecnologia Infrared Guided Measurement (IGM\u2122), com um sensor de imagens t\u00e9rmicas 80 x 60 Lepton\u00ae integrado da FLIR, o MR176 direciona-o visualmente ao local exato onde a umidade pode estar se escondendo para mais testes e investiga\u00e7\u00e3o. Use a mira e o laser integrados para ajudar a identificar a localiza\u00e7\u00e3o do problema encontrado com a tecnologia IGM\u2122. Um sensor sem pinos integrado e uma sonda externa com pinos oferecem flexibilidade para medi\u00e7\u00f5es n\u00e3o intrusivas ou intrusivas. Um sensor de temperatura e umidade relativa substitu\u00edvel em campo proporciona maior comodidade.<\/p><\/div><div id=\"SkuSelection\">\u00a0<\/div><div class=\"Product-cta\">\u00a0<\/div><div class=\"Product-policy\" data-js=\"modal\" data-js-modal=\"contentElement: '.js-modalitem-policy', replaceHtmlAfterClose: false\"><div class=\"Product-policy-callout\">\u00a0<\/div><\/div>\t\t\t\t\t\t\t\t<\/div>\n\t\t\t\t<\/div>\n\t\t\t\t<div class=\"elementor-element elementor-element-55d5a8a8 elementor-align-left elementor-mobile-align-justify elementor-widget elementor-widget-button\" data-id=\"55d5a8a8\" data-element_type=\"widget\" data-widget_type=\"button.default\">\n\t\t\t\t<div class=\"elementor-widget-container\">\n\t\t\t\t\t\t\t\t\t<div class=\"elementor-button-wrapper\">\n\t\t\t\t\t<a class=\"elementor-button elementor-button-link elementor-size-lg\" href=\"http:\/\/wa.me\/5513974093533\">\n\t\t\t\t\t\t<span class=\"elementor-button-content-wrapper\">\n\t\t\t\t\t\t\t\t\t<span class=\"elementor-button-text\">COMPRE AGORA<\/span>\n\t\t\t\t\t<\/span>\n\t\t\t\t\t<\/a>\n\t\t\t\t<\/div>\n\t\t\t\t\t\t\t\t<\/div>\n\t\t\t\t<\/div>\n\t\t\t\t\t<\/div>\n\t\t<\/div>\n\t\t\t\t<div class=\"elementor-column elementor-col-50 elementor-inner-column elementor-element elementor-element-60d922b6\" data-id=\"60d922b6\" data-element_type=\"column\">\n\t\t\t<div class=\"elementor-widget-wrap elementor-element-populated\">\n\t\t\t\t\t\t<div class=\"elementor-element elementor-element-7abccc3f elementor-widget elementor-widget-image\" data-id=\"7abccc3f\" data-element_type=\"widget\" data-widget_type=\"image.default\">\n\t\t\t\t<div class=\"elementor-widget-container\">\n\t\t\t\t\t\t\t\t\t\t\t\t\t\t\t<img fetchpriority=\"high\" decoding=\"async\" width=\"301\" height=\"167\" src=\"https:\/\/destacservicos.com.br\/wp-content\/uploads\/2025\/07\/images.png\" class=\"attachment-large size-large wp-image-1195\" alt=\"\" \/>\t\t\t\t\t\t\t\t\t\t\t\t\t\t\t<\/div>\n\t\t\t\t<\/div>\n\t\t\t\t<div class=\"elementor-element elementor-element-267f6cf9 elementor-widget elementor-widget-image\" data-id=\"267f6cf9\" data-element_type=\"widget\" data-widget_type=\"image.default\">\n\t\t\t\t<div class=\"elementor-widget-container\">\n\t\t\t\t\t\t\t\t\t\t\t\t\t\t\t<img decoding=\"async\" width=\"930\" height=\"620\" src=\"https:\/\/destacservicos.com.br\/wp-content\/uploads\/2025\/07\/E8-PRO-3.jpg\" class=\"attachment-2048x2048 size-2048x2048 wp-image-1368\" alt=\"\" srcset=\"https:\/\/destacservicos.com.br\/wp-content\/uploads\/2025\/07\/E8-PRO-3.jpg 930w, https:\/\/destacservicos.com.br\/wp-content\/uploads\/2025\/07\/E8-PRO-3-300x200.jpg 300w, https:\/\/destacservicos.com.br\/wp-content\/uploads\/2025\/07\/E8-PRO-3-768x512.jpg 768w, https:\/\/destacservicos.com.br\/wp-content\/uploads\/2025\/07\/E8-PRO-3-600x400.jpg 600w\" sizes=\"(max-width: 930px) 100vw, 930px\" \/>\t\t\t\t\t\t\t\t\t\t\t\t\t\t\t<\/div>\n\t\t\t\t<\/div>\n\t\t\t\t\t<\/div>\n\t\t<\/div>\n\t\t\t\t\t<\/div>\n\t\t<\/section>\n\t\t\t\t\t<\/div>\n\t\t<\/div>\n\t\t\t\t\t<\/div>\n\t\t<\/section>\n\t\t\t\t<section class=\"elementor-section elementor-top-section elementor-element elementor-element-47226910 elementor-section-stretched elementor-section-boxed elementor-section-height-default elementor-section-height-default\" data-id=\"47226910\" data-element_type=\"section\" data-settings=\"{&quot;background_background&quot;:&quot;classic&quot;,&quot;stretch_section&quot;:&quot;section-stretched&quot;}\">\n\t\t\t\t\t\t<div class=\"elementor-container elementor-column-gap-default\">\n\t\t\t\t\t<div class=\"elementor-column elementor-col-100 elementor-top-column elementor-element elementor-element-36b1098a\" data-id=\"36b1098a\" data-element_type=\"column\">\n\t\t\t<div class=\"elementor-widget-wrap elementor-element-populated\">\n\t\t\t\t\t\t<section class=\"elementor-section elementor-inner-section elementor-element elementor-element-4fa01f5b elementor-section-boxed elementor-section-height-default elementor-section-height-default\" data-id=\"4fa01f5b\" data-element_type=\"section\">\n\t\t\t\t\t\t<div class=\"elementor-container elementor-column-gap-default\">\n\t\t\t\t\t<div class=\"elementor-column elementor-col-100 elementor-inner-column elementor-element elementor-element-bff5ac3\" data-id=\"bff5ac3\" data-element_type=\"column\" data-settings=\"{&quot;background_background&quot;:&quot;classic&quot;}\">\n\t\t\t<div class=\"elementor-widget-wrap elementor-element-populated\">\n\t\t\t\t\t\t<div class=\"elementor-element elementor-element-6f435eda elementor-widget elementor-widget-heading\" data-id=\"6f435eda\" data-element_type=\"widget\" data-widget_type=\"heading.default\">\n\t\t\t\t<div class=\"elementor-widget-container\">\n\t\t\t\t\t<span class=\"elementor-heading-title elementor-size-default\">solicite seu or\u00e7amento <\/span>\t\t\t\t<\/div>\n\t\t\t\t<\/div>\n\t\t\t\t<div class=\"elementor-element elementor-element-208e2c elementor-widget elementor-widget-heading\" data-id=\"208e2c\" data-element_type=\"widget\" data-widget_type=\"heading.default\">\n\t\t\t\t<div class=\"elementor-widget-container\">\n\t\t\t\t\t<h2 class=\"elementor-heading-title elementor-size-default\">QUER COMPRAR UM <br>MEDIDOR DE UMIDADE?<\/h2>\t\t\t\t<\/div>\n\t\t\t\t<\/div>\n\t\t\t\t<div class=\"elementor-element elementor-element-33d3a7fe elementor-widget elementor-widget-spacer\" data-id=\"33d3a7fe\" data-element_type=\"widget\" data-widget_type=\"spacer.default\">\n\t\t\t\t<div class=\"elementor-widget-container\">\n\t\t\t\t\t\t\t<div class=\"elementor-spacer\">\n\t\t\t<div class=\"elementor-spacer-inner\"><\/div>\n\t\t<\/div>\n\t\t\t\t\t\t<\/div>\n\t\t\t\t<\/div>\n\t\t\t\t<div class=\"elementor-element elementor-element-28f065a2 elementor-align-center elementor-mobile-align-justify elementor-widget elementor-widget-button\" data-id=\"28f065a2\" data-element_type=\"widget\" data-widget_type=\"button.default\">\n\t\t\t\t<div class=\"elementor-widget-container\">\n\t\t\t\t\t\t\t\t\t<div class=\"elementor-button-wrapper\">\n\t\t\t\t\t<a class=\"elementor-button elementor-button-link elementor-size-lg\" href=\"http:\/\/wa.me\/5513974093533\">\n\t\t\t\t\t\t<span class=\"elementor-button-content-wrapper\">\n\t\t\t\t\t\t\t\t\t<span class=\"elementor-button-text\">SOLICITE SEU OR\u00c7AMENTO AGORA<\/span>\n\t\t\t\t\t<\/span>\n\t\t\t\t\t<\/a>\n\t\t\t\t<\/div>\n\t\t\t\t\t\t\t\t<\/div>\n\t\t\t\t<\/div>\n\t\t\t\t\t<\/div>\n\t\t<\/div>\n\t\t\t\t\t<\/div>\n\t\t<\/section>\n\t\t\t\t\t<\/div>\n\t\t<\/div>\n\t\t\t\t\t<\/div>\n\t\t<\/section>\n\t\t\t\t<section class=\"elementor-section elementor-top-section elementor-element elementor-element-190ce97b elementor-section-boxed elementor-section-height-default elementor-section-height-default\" data-id=\"190ce97b\" data-element_type=\"section\">\n\t\t\t\t\t\t<div class=\"elementor-container elementor-column-gap-default\">\n\t\t\t\t\t<div class=\"elementor-column elementor-col-50 elementor-top-column elementor-element elementor-element-6a35c1c4\" data-id=\"6a35c1c4\" data-element_type=\"column\">\n\t\t\t<div class=\"elementor-widget-wrap elementor-element-populated\">\n\t\t\t\t\t\t<div class=\"elementor-element elementor-element-76bb521c elementor-widget elementor-widget-text-editor\" data-id=\"76bb521c\" data-element_type=\"widget\" data-widget_type=\"text-editor.default\">\n\t\t\t\t<div class=\"elementor-widget-container\">\n\t\t\t\t\t\t\t\t\t<dl class=\"Spec-list\"><dt>Paletas de imagens termogr\u00e1ficas<\/dt><dd>Iron, Rainbow, Ice, Greyscale<\/dd><\/dl><dl class=\"Spec-list\"><dt>Umidade nos Pinos<\/dt><dd>Faixa de 7% a 30%\/Precis\u00e3o B\u00e1sica \u00b11,5% MC\/Faixa de 30% a 100%\/Precis\u00e3o B\u00e1sica apenas para refer\u00eancia<\/dd><\/dl><dl class=\"Spec-list\"><dt>Grupos \u2013 Umidade nos Pinos<\/dt><dd>9 Grupos de Materiais<\/dd><\/dl><dl class=\"Spec-list\"><dt>Temperatura do Ar<\/dt><dd>Faixa de 32 a 122 \u00b0F (de 0 a 50 \u00b0C)\/Precis\u00e3o B\u00e1sica \u00b11,1 \u00b0F (\u00b10,6 \u00b0C)<\/dd><\/dl><dl class=\"Spec-list\"><dt>Umidade Relativa<\/dt><dd>Faixa de 0 a 100%\/Precis\u00e3o B\u00e1sica 2,5% UR<\/dd><\/dl><dl class=\"Spec-list\"><dt>Ponto de Condensa\u00e7\u00e3o<\/dt><dd>Faixa de -22 a 122 \u00b0F (de -30 a 50 \u00b0C)\/Precis\u00e3o b\u00e1sica \u00b11,8 \u00b0F (\u00b11,0 \u00b0C)<\/dd><\/dl><dl class=\"Spec-list\"><dt>Inclui<\/dt><dd>Sensor de Umidade Relativa e Temperatura Substitu\u00edvel MR01, Sonda com Pino Padr\u00e3o MR02, Guia de Inicializa\u00e7\u00e3o R\u00e1pida, Carregador USB Internacional, Cabo USB<\/dd><\/dl>\t\t\t\t\t\t\t\t<\/div>\n\t\t\t\t<\/div>\n\t\t\t\t\t<\/div>\n\t\t<\/div>\n\t\t\t\t<div class=\"elementor-column elementor-col-50 elementor-top-column elementor-element elementor-element-23800b6e\" data-id=\"23800b6e\" data-element_type=\"column\">\n\t\t\t<div class=\"elementor-widget-wrap elementor-element-populated\">\n\t\t\t\t\t\t<div class=\"elementor-element elementor-element-26fa56cc elementor-widget elementor-widget-image\" data-id=\"26fa56cc\" data-element_type=\"widget\" data-widget_type=\"image.default\">\n\t\t\t\t<div class=\"elementor-widget-container\">\n\t\t\t\t\t\t\t\t\t\t\t\t\t\t\t<img decoding=\"async\" width=\"930\" height=\"620\" src=\"https:\/\/destacservicos.com.br\/wp-content\/uploads\/2025\/07\/WhatsApp-Image-2025-07-28-at-15.19.56-930x620.jpeg\" class=\"attachment-neve-blog size-neve-blog wp-image-1437\" alt=\"\" \/>\t\t\t\t\t\t\t\t\t\t\t\t\t\t\t<\/div>\n\t\t\t\t<\/div>\n\t\t\t\t\t<\/div>\n\t\t<\/div>\n\t\t\t\t\t<\/div>\n\t\t<\/section>\n\t\t\t\t<\/div>\n\t\t","protected":false},"excerpt":{"rendered":"<p>Medidores de Umidade ESPECIFICA\u00c7\u00d5ES MR-176 Com a tecnologia Infrared Guided Measurement (IGM\u2122), com um sensor de imagens t\u00e9rmicas 80 x 60 Lepton\u00ae integrado da FLIR, o MR176 direciona-o visualmente ao local exato onde a umidade pode estar se escondendo para mais testes e investiga\u00e7\u00e3o. Use a mira e o laser integrados para ajudar a identificar&hellip;&nbsp;<a href=\"https:\/\/destacservicos.com.br\/index.php\/mr176\/\" class=\"\" rel=\"bookmark\">Continue a ler &raquo;<span class=\"screen-reader-text\"><\/span><\/a><\/p>\n","protected":false},"author":1,"featured_media":0,"parent":0,"menu_order":0,"comment_status":"closed","ping_status":"closed","template":"","meta":{"footnotes":""},"class_list":["post-1366","page","type-page","status-publish","hentry"],"yoast_head":"<!-- This site is optimized with the Yoast SEO plugin v14.9 - https:\/\/yoast.com\/wordpress\/plugins\/seo\/ -->\n<title>- Destac Servi\u00e7os<\/title>\n<meta name=\"robots\" content=\"index, follow, max-snippet:-1, max-image-preview:large, max-video-preview:-1\" \/>\n<link rel=\"canonical\" href=\"https:\/\/destacservicos.com.br\/index.php\/mr176\/\" \/>\n<meta property=\"og:locale\" content=\"pt_BR\" \/>\n<meta property=\"og:type\" content=\"article\" \/>\n<meta property=\"og:title\" content=\"- Destac Servi\u00e7os\" \/>\n<meta property=\"og:description\" content=\"Medidores de Umidade ESPECIFICA\u00c7\u00d5ES MR-176 Com a tecnologia Infrared Guided Measurement (IGM\u2122), com um sensor de imagens t\u00e9rmicas 80 x 60 Lepton\u00ae integrado da FLIR, o MR176 direciona-o visualmente ao local exato onde a umidade pode estar se escondendo para mais testes e investiga\u00e7\u00e3o. Use a mira e o laser integrados para ajudar a identificar&hellip;&nbsp;Continue a ler &raquo;\" \/>\n<meta property=\"og:url\" content=\"https:\/\/destacservicos.com.br\/index.php\/mr176\/\" \/>\n<meta property=\"og:site_name\" content=\"Destac Servi\u00e7os\" \/>\n<meta property=\"article:modified_time\" content=\"2025-07-28T18:41:57+00:00\" \/>\n<meta property=\"og:image\" content=\"https:\/\/destacservicos.com.br\/wp-content\/uploads\/2025\/07\/images.png\" \/>\n<meta name=\"twitter:card\" content=\"summary_large_image\" \/>\n<script type=\"application\/ld+json\" class=\"yoast-schema-graph\">{\"@context\":\"https:\/\/schema.org\",\"@graph\":[{\"@type\":\"Organization\",\"@id\":\"https:\/\/destacservicos.com.br\/#organization\",\"name\":\"Destac Servi\\u00e7os\",\"url\":\"https:\/\/destacservicos.com.br\/\",\"sameAs\":[],\"logo\":{\"@type\":\"ImageObject\",\"@id\":\"https:\/\/destacservicos.com.br\/#logo\",\"inLanguage\":\"pt-BR\",\"url\":\"https:\/\/destacservicos.com.br\/wp-content\/uploads\/2020\/07\/WhatsApp-Image-2020-03-17-at-10.23.42-1.jpeg\",\"width\":688,\"height\":232,\"caption\":\"Destac Servi\\u00e7os\"},\"image\":{\"@id\":\"https:\/\/destacservicos.com.br\/#logo\"}},{\"@type\":\"WebSite\",\"@id\":\"https:\/\/destacservicos.com.br\/#website\",\"url\":\"https:\/\/destacservicos.com.br\/\",\"name\":\"Destac Servi\\u00e7os\",\"description\":\"L\\u00edder na baixada santista\",\"publisher\":{\"@id\":\"https:\/\/destacservicos.com.br\/#organization\"},\"potentialAction\":[{\"@type\":\"SearchAction\",\"target\":\"https:\/\/destacservicos.com.br\/?s={search_term_string}\",\"query-input\":\"required name=search_term_string\"}],\"inLanguage\":\"pt-BR\"},{\"@type\":\"ImageObject\",\"@id\":\"https:\/\/destacservicos.com.br\/index.php\/mr176\/#primaryimage\",\"inLanguage\":\"pt-BR\",\"url\":\"https:\/\/destacservicos.com.br\/wp-content\/uploads\/2025\/07\/images.png\",\"width\":301,\"height\":167},{\"@type\":\"WebPage\",\"@id\":\"https:\/\/destacservicos.com.br\/index.php\/mr176\/#webpage\",\"url\":\"https:\/\/destacservicos.com.br\/index.php\/mr176\/\",\"name\":\"- Destac Servi\\u00e7os\",\"isPartOf\":{\"@id\":\"https:\/\/destacservicos.com.br\/#website\"},\"primaryImageOfPage\":{\"@id\":\"https:\/\/destacservicos.com.br\/index.php\/mr176\/#primaryimage\"},\"datePublished\":\"2025-07-23T14:44:53+00:00\",\"dateModified\":\"2025-07-28T18:41:57+00:00\",\"inLanguage\":\"pt-BR\",\"potentialAction\":[{\"@type\":\"ReadAction\",\"target\":[\"https:\/\/destacservicos.com.br\/index.php\/mr176\/\"]}]}]}<\/script>\n<!-- \/ Yoast SEO plugin. -->","_links":{"self":[{"href":"https:\/\/destacservicos.com.br\/index.php\/wp-json\/wp\/v2\/pages\/1366","targetHints":{"allow":["GET"]}}],"collection":[{"href":"https:\/\/destacservicos.com.br\/index.php\/wp-json\/wp\/v2\/pages"}],"about":[{"href":"https:\/\/destacservicos.com.br\/index.php\/wp-json\/wp\/v2\/types\/page"}],"author":[{"embeddable":true,"href":"https:\/\/destacservicos.com.br\/index.php\/wp-json\/wp\/v2\/users\/1"}],"replies":[{"embeddable":true,"href":"https:\/\/destacservicos.com.br\/index.php\/wp-json\/wp\/v2\/comments?post=1366"}],"version-history":[{"count":5,"href":"https:\/\/destacservicos.com.br\/index.php\/wp-json\/wp\/v2\/pages\/1366\/revisions"}],"predecessor-version":[{"id":1438,"href":"https:\/\/destacservicos.com.br\/index.php\/wp-json\/wp\/v2\/pages\/1366\/revisions\/1438"}],"wp:attachment":[{"href":"https:\/\/destacservicos.com.br\/index.php\/wp-json\/wp\/v2\/media?parent=1366"}],"curies":[{"name":"wp","href":"https:\/\/api.w.org\/{rel}","templated":true}]}}