{"id":1353,"date":"2025-07-23T11:23:07","date_gmt":"2025-07-23T14:23:07","guid":{"rendered":"https:\/\/destacservicos.com.br\/?page_id=1353"},"modified":"2025-07-23T11:26:31","modified_gmt":"2025-07-23T14:26:31","slug":"onedgepro","status":"publish","type":"page","link":"https:\/\/destacservicos.com.br\/index.php\/onedgepro\/","title":{"rendered":""},"content":{"rendered":"\t\t<div data-elementor-type=\"wp-page\" data-elementor-id=\"1353\" class=\"elementor elementor-1353\">\n\t\t\t\t\t\t<section class=\"elementor-section elementor-top-section elementor-element elementor-element-51108370 elementor-section-stretched elementor-section-boxed elementor-section-height-default elementor-section-height-default\" data-id=\"51108370\" data-element_type=\"section\" data-settings=\"{&quot;background_background&quot;:&quot;classic&quot;,&quot;stretch_section&quot;:&quot;section-stretched&quot;}\">\n\t\t\t\t\t\t<div class=\"elementor-container elementor-column-gap-default\">\n\t\t\t\t\t<div class=\"elementor-column elementor-col-100 elementor-top-column elementor-element elementor-element-6bd90266\" data-id=\"6bd90266\" data-element_type=\"column\">\n\t\t\t<div class=\"elementor-widget-wrap elementor-element-populated\">\n\t\t\t\t\t\t<div class=\"elementor-element elementor-element-4bf88ec1 elementor-widget elementor-widget-heading\" data-id=\"4bf88ec1\" data-element_type=\"widget\" data-widget_type=\"heading.default\">\n\t\t\t\t<div class=\"elementor-widget-container\">\n\t\t\t\t\t<h1 class=\"elementor-heading-title elementor-size-default\">Linha Edge<\/h1>\t\t\t\t<\/div>\n\t\t\t\t<\/div>\n\t\t\t\t\t<\/div>\n\t\t<\/div>\n\t\t\t\t\t<\/div>\n\t\t<\/section>\n\t\t\t\t<section class=\"elementor-section elementor-top-section elementor-element elementor-element-719eee75 elementor-section-boxed elementor-section-height-default elementor-section-height-default\" data-id=\"719eee75\" data-element_type=\"section\">\n\t\t\t\t\t\t<div class=\"elementor-container elementor-column-gap-default\">\n\t\t\t\t\t<div class=\"elementor-column elementor-col-100 elementor-top-column elementor-element elementor-element-20725a65\" data-id=\"20725a65\" data-element_type=\"column\">\n\t\t\t<div class=\"elementor-widget-wrap elementor-element-populated\">\n\t\t\t\t\t\t<section class=\"elementor-section elementor-inner-section elementor-element elementor-element-1ad06e93 elementor-section-content-middle elementor-section-boxed elementor-section-height-default elementor-section-height-default\" data-id=\"1ad06e93\" data-element_type=\"section\">\n\t\t\t\t\t\t<div class=\"elementor-container elementor-column-gap-default\">\n\t\t\t\t\t<div class=\"elementor-column elementor-col-50 elementor-inner-column elementor-element elementor-element-20cd9415\" data-id=\"20cd9415\" data-element_type=\"column\">\n\t\t\t<div class=\"elementor-widget-wrap elementor-element-populated\">\n\t\t\t\t\t\t<div class=\"elementor-element elementor-element-450884f4 elementor-widget elementor-widget-heading\" data-id=\"450884f4\" data-element_type=\"widget\" data-widget_type=\"heading.default\">\n\t\t\t\t<div class=\"elementor-widget-container\">\n\t\t\t\t\t<span class=\"elementor-heading-title elementor-size-default\">ESPECIFICA\u00c7\u00d5ES<\/span>\t\t\t\t<\/div>\n\t\t\t\t<\/div>\n\t\t\t\t<div class=\"elementor-element elementor-element-6414d44 elementor-widget elementor-widget-heading\" data-id=\"6414d44\" data-element_type=\"widget\" data-widget_type=\"heading.default\">\n\t\t\t\t<div class=\"elementor-widget-container\">\n\t\t\t\t\t<h1 class=\"elementor-heading-title elementor-size-default\">ONE EDGE PRO<\/h1>\t\t\t\t<\/div>\n\t\t\t\t<\/div>\n\t\t\t\t<div class=\"elementor-element elementor-element-23bc6e1c elementor-widget elementor-widget-text-editor\" data-id=\"23bc6e1c\" data-element_type=\"widget\" data-widget_type=\"text-editor.default\">\n\t\t\t\t<div class=\"elementor-widget-container\">\n\t\t\t\t\t\t\t\t\t<p>A\u00a0inovadora FLIR ONE Edge Pro sem conecta sem fio ao seu dispositivo\u00a0inteligente, para facilitar a\u00a0inspe\u00e7\u00e3o de alvos que estejam fora de alcance. Voc\u00ea tamb\u00e9m pode fixar a c\u00e2mera no telefone ou tablet para realizar a opera\u00e7\u00e3o com apenas uma m\u00e3o. Esta c\u00e2mera termogr\u00e1fica para smartphones combina VividIR\u2122 e FLIR MSX\u00ae (Multi-Spectral Dynamic Imaging) para voc\u00ea captar imagens t\u00e9rmicas n\u00edtidas de qualquer \u00e2ngulo. O tempo de bateria e a robustez aprimorados garantem que a c\u00e2mera esteja pronta para uso em ambientes mais\u00a0industriais. A conex\u00e3o sem fio permite que a mesma c\u00e2mera seja usada com dispositivos Android e iOS para que voc\u00ea possa compartilhar facilmente ferramentas com seus amigos e colegas. Todas as suas imagens t\u00e9rmicas e v\u00eddeos s\u00e3o salvos diretamente em seu dispositivo m\u00f3vel, tornando-os facilmente acess\u00edveis para uso posterior. Conecte-se ao FLIR Ignite\u2122 e carregue\u00a0instantaneamente seus arquivos para a nuvem, onde voc\u00ea pode criar relat\u00f3rios, bem como organizar, armazenar e compartilhar dados para um fluxo de trabalho mais eficiente.<\/p>\t\t\t\t\t\t\t\t<\/div>\n\t\t\t\t<\/div>\n\t\t\t\t<div class=\"elementor-element elementor-element-73bab3cc elementor-align-left elementor-mobile-align-justify elementor-widget elementor-widget-button\" data-id=\"73bab3cc\" data-element_type=\"widget\" data-widget_type=\"button.default\">\n\t\t\t\t<div class=\"elementor-widget-container\">\n\t\t\t\t\t\t\t\t\t<div class=\"elementor-button-wrapper\">\n\t\t\t\t\t<a class=\"elementor-button elementor-button-link elementor-size-lg\" href=\"http:\/\/wa.me\/5513974093533\">\n\t\t\t\t\t\t<span class=\"elementor-button-content-wrapper\">\n\t\t\t\t\t\t\t\t\t<span class=\"elementor-button-text\">COMPRE AGORA<\/span>\n\t\t\t\t\t<\/span>\n\t\t\t\t\t<\/a>\n\t\t\t\t<\/div>\n\t\t\t\t\t\t\t\t<\/div>\n\t\t\t\t<\/div>\n\t\t\t\t\t<\/div>\n\t\t<\/div>\n\t\t\t\t<div class=\"elementor-column elementor-col-50 elementor-inner-column elementor-element elementor-element-619c009\" data-id=\"619c009\" data-element_type=\"column\">\n\t\t\t<div class=\"elementor-widget-wrap elementor-element-populated\">\n\t\t\t\t\t\t<div class=\"elementor-element elementor-element-7fda07aa elementor-widget elementor-widget-image\" data-id=\"7fda07aa\" data-element_type=\"widget\" data-widget_type=\"image.default\">\n\t\t\t\t<div class=\"elementor-widget-container\">\n\t\t\t\t\t\t\t\t\t\t\t\t\t\t\t<img fetchpriority=\"high\" decoding=\"async\" width=\"301\" height=\"167\" src=\"https:\/\/destacservicos.com.br\/wp-content\/uploads\/2025\/07\/images.png\" class=\"attachment-large size-large wp-image-1195\" alt=\"\" \/>\t\t\t\t\t\t\t\t\t\t\t\t\t\t\t<\/div>\n\t\t\t\t<\/div>\n\t\t\t\t<div class=\"elementor-element elementor-element-2f58b9ec elementor-widget elementor-widget-image\" data-id=\"2f58b9ec\" data-element_type=\"widget\" data-widget_type=\"image.default\">\n\t\t\t\t<div class=\"elementor-widget-container\">\n\t\t\t\t\t\t\t\t\t\t\t\t\t\t\t<img decoding=\"async\" width=\"930\" height=\"620\" src=\"https:\/\/destacservicos.com.br\/wp-content\/uploads\/2025\/07\/3-930x620.jpg\" class=\"attachment-neve-blog size-neve-blog wp-image-1202\" alt=\"\" \/>\t\t\t\t\t\t\t\t\t\t\t\t\t\t\t<\/div>\n\t\t\t\t<\/div>\n\t\t\t\t\t<\/div>\n\t\t<\/div>\n\t\t\t\t\t<\/div>\n\t\t<\/section>\n\t\t\t\t\t<\/div>\n\t\t<\/div>\n\t\t\t\t\t<\/div>\n\t\t<\/section>\n\t\t\t\t<section class=\"elementor-section elementor-top-section elementor-element elementor-element-1855400f elementor-section-stretched elementor-section-boxed elementor-section-height-default elementor-section-height-default\" data-id=\"1855400f\" data-element_type=\"section\" data-settings=\"{&quot;background_background&quot;:&quot;classic&quot;,&quot;stretch_section&quot;:&quot;section-stretched&quot;}\">\n\t\t\t\t\t\t<div class=\"elementor-container elementor-column-gap-default\">\n\t\t\t\t\t<div class=\"elementor-column elementor-col-100 elementor-top-column elementor-element elementor-element-1bf88510\" data-id=\"1bf88510\" data-element_type=\"column\">\n\t\t\t<div class=\"elementor-widget-wrap elementor-element-populated\">\n\t\t\t\t\t\t<section class=\"elementor-section elementor-inner-section elementor-element elementor-element-2937d4bd elementor-section-boxed elementor-section-height-default elementor-section-height-default\" data-id=\"2937d4bd\" data-element_type=\"section\">\n\t\t\t\t\t\t<div class=\"elementor-container elementor-column-gap-default\">\n\t\t\t\t\t<div class=\"elementor-column elementor-col-100 elementor-inner-column elementor-element elementor-element-5da16d3d\" data-id=\"5da16d3d\" data-element_type=\"column\" data-settings=\"{&quot;background_background&quot;:&quot;classic&quot;}\">\n\t\t\t<div class=\"elementor-widget-wrap elementor-element-populated\">\n\t\t\t\t\t\t<div class=\"elementor-element elementor-element-42482d59 elementor-widget elementor-widget-heading\" data-id=\"42482d59\" data-element_type=\"widget\" data-widget_type=\"heading.default\">\n\t\t\t\t<div class=\"elementor-widget-container\">\n\t\t\t\t\t<span class=\"elementor-heading-title elementor-size-default\">solicite seu or\u00e7amento <\/span>\t\t\t\t<\/div>\n\t\t\t\t<\/div>\n\t\t\t\t<div class=\"elementor-element elementor-element-5109b0a0 elementor-widget elementor-widget-heading\" data-id=\"5109b0a0\" data-element_type=\"widget\" data-widget_type=\"heading.default\">\n\t\t\t\t<div class=\"elementor-widget-container\">\n\t\t\t\t\t<h2 class=\"elementor-heading-title elementor-size-default\">QUER COMPRAR UMA <br>C\u00c2MERA T\u00c9RMICA?<\/h2>\t\t\t\t<\/div>\n\t\t\t\t<\/div>\n\t\t\t\t<div class=\"elementor-element elementor-element-253f6be8 elementor-widget elementor-widget-spacer\" data-id=\"253f6be8\" data-element_type=\"widget\" data-widget_type=\"spacer.default\">\n\t\t\t\t<div class=\"elementor-widget-container\">\n\t\t\t\t\t\t\t<div class=\"elementor-spacer\">\n\t\t\t<div class=\"elementor-spacer-inner\"><\/div>\n\t\t<\/div>\n\t\t\t\t\t\t<\/div>\n\t\t\t\t<\/div>\n\t\t\t\t<div class=\"elementor-element elementor-element-31a1e00b elementor-align-center elementor-mobile-align-justify elementor-widget elementor-widget-button\" data-id=\"31a1e00b\" data-element_type=\"widget\" data-widget_type=\"button.default\">\n\t\t\t\t<div class=\"elementor-widget-container\">\n\t\t\t\t\t\t\t\t\t<div class=\"elementor-button-wrapper\">\n\t\t\t\t\t<a class=\"elementor-button elementor-button-link elementor-size-lg\" href=\"http:\/\/wa.me\/5513974093533\">\n\t\t\t\t\t\t<span class=\"elementor-button-content-wrapper\">\n\t\t\t\t\t\t\t\t\t<span class=\"elementor-button-text\">SOLICITE SEU OR\u00c7AMENTO AGORA<\/span>\n\t\t\t\t\t<\/span>\n\t\t\t\t\t<\/a>\n\t\t\t\t<\/div>\n\t\t\t\t\t\t\t\t<\/div>\n\t\t\t\t<\/div>\n\t\t\t\t\t<\/div>\n\t\t<\/div>\n\t\t\t\t\t<\/div>\n\t\t<\/section>\n\t\t\t\t\t<\/div>\n\t\t<\/div>\n\t\t\t\t\t<\/div>\n\t\t<\/section>\n\t\t\t\t<section class=\"elementor-section elementor-top-section elementor-element elementor-element-463cfa98 elementor-section-boxed elementor-section-height-default elementor-section-height-default\" data-id=\"463cfa98\" data-element_type=\"section\">\n\t\t\t\t\t\t<div class=\"elementor-container elementor-column-gap-default\">\n\t\t\t\t\t<div class=\"elementor-column elementor-col-50 elementor-top-column elementor-element elementor-element-1e88c17b\" data-id=\"1e88c17b\" data-element_type=\"column\">\n\t\t\t<div class=\"elementor-widget-wrap elementor-element-populated\">\n\t\t\t\t\t\t<div class=\"elementor-element elementor-element-7bd84a34 elementor-widget elementor-widget-text-editor\" data-id=\"7bd84a34\" data-element_type=\"widget\" data-widget_type=\"text-editor.default\">\n\t\t\t\t<div class=\"elementor-widget-container\">\n\t\t\t\t\t\t\t\t\t<dl class=\"Spec-list\"><dt>Resolu\u00e7\u00e3o T\u00e9rmica<\/dt><dd>160 \u00d7 120 (19.200 pixels)<\/dd><\/dl><dl class=\"Spec-list\"><dt><\/dt><dt>Autonomia da Bateria<\/dt><dd>Aproximadamente 2,5\u00a0horas<\/dd><\/dl><dl class=\"Spec-list\"><dt><\/dt><dt>Faixa de Temperatura de Objetos<\/dt><dd>-20\u00b0C \u2014 120\u00b0C (\u20134\u00b0F \u2014 248\u00b0F) e 0\u00b0C \u2014 400\u00b0C (32\u00b0F \u2014 752\u00b0F)<\/dd><\/dl><dl class=\"Spec-list\"><dt><\/dt><dt>Precis\u00e3o<\/dt><dd>\u00b13\u00b0C (5,4\u00b0F) ou \u00b15%. Aplic\u00e1vel 60 segundos ap\u00f3s a partida quando a unidade estiver entre 15\u00b0C e 35\u00b0C (59\u00b0F e 95\u00b0F) e a cena estiver entre 5\u00b0C e 120\u00b0C (41\u00b0F e 248\u00b0F)<\/dd><\/dl><dl class=\"Spec-list\"><dt><\/dt><dt>Temperatura Operacional<\/dt><dd>-10\u00b0C a 50\u00b0C (14\u00b0F a 122\u00b0F), carga da bateria 0\u00b0C a 45\u00b0C (32\u00b0F a 113\u00b0F)<\/dd><\/dl><dl class=\"Spec-list\"><dt><\/dt><dt>Fot\u00f4metro<\/dt><dd>Medi\u00e7\u00e3o mais quente, mais fria e de tr\u00eas pontos<\/dd><\/dl>\t\t\t\t\t\t\t\t<\/div>\n\t\t\t\t<\/div>\n\t\t\t\t\t<\/div>\n\t\t<\/div>\n\t\t\t\t<div class=\"elementor-column elementor-col-50 elementor-top-column elementor-element elementor-element-54e52d0\" data-id=\"54e52d0\" data-element_type=\"column\">\n\t\t\t<div class=\"elementor-widget-wrap elementor-element-populated\">\n\t\t\t\t\t\t<div class=\"elementor-element elementor-element-61c51db4 elementor-widget elementor-widget-image\" data-id=\"61c51db4\" data-element_type=\"widget\" data-widget_type=\"image.default\">\n\t\t\t\t<div class=\"elementor-widget-container\">\n\t\t\t\t\t\t\t\t\t\t\t\t\t\t\t<img decoding=\"async\" width=\"300\" height=\"300\" src=\"https:\/\/destacservicos.com.br\/wp-content\/uploads\/2025\/07\/WhatsApp-Image-2025-07-23-at-11.23.10-300x300.jpeg\" class=\"attachment-shop_catalog size-shop_catalog wp-image-1355\" alt=\"\" srcset=\"https:\/\/destacservicos.com.br\/wp-content\/uploads\/2025\/07\/WhatsApp-Image-2025-07-23-at-11.23.10-300x300.jpeg 300w, https:\/\/destacservicos.com.br\/wp-content\/uploads\/2025\/07\/WhatsApp-Image-2025-07-23-at-11.23.10-150x150.jpeg 150w, https:\/\/destacservicos.com.br\/wp-content\/uploads\/2025\/07\/WhatsApp-Image-2025-07-23-at-11.23.10-100x100.jpeg 100w\" sizes=\"(max-width: 300px) 100vw, 300px\" \/>\t\t\t\t\t\t\t\t\t\t\t\t\t\t\t<\/div>\n\t\t\t\t<\/div>\n\t\t\t\t\t<\/div>\n\t\t<\/div>\n\t\t\t\t\t<\/div>\n\t\t<\/section>\n\t\t\t\t<\/div>\n\t\t","protected":false},"excerpt":{"rendered":"<p>Linha Edge ESPECIFICA\u00c7\u00d5ES ONE EDGE PRO A\u00a0inovadora FLIR ONE Edge Pro sem conecta sem fio ao seu dispositivo\u00a0inteligente, para facilitar a\u00a0inspe\u00e7\u00e3o de alvos que estejam fora de alcance. Voc\u00ea tamb\u00e9m pode fixar a c\u00e2mera no telefone ou tablet para realizar a opera\u00e7\u00e3o com apenas uma m\u00e3o. Esta c\u00e2mera termogr\u00e1fica para smartphones combina VividIR\u2122 e FLIR&hellip;&nbsp;<a href=\"https:\/\/destacservicos.com.br\/index.php\/onedgepro\/\" class=\"\" rel=\"bookmark\">Continue a ler &raquo;<span class=\"screen-reader-text\"><\/span><\/a><\/p>\n","protected":false},"author":1,"featured_media":0,"parent":0,"menu_order":0,"comment_status":"closed","ping_status":"closed","template":"","meta":{"footnotes":""},"class_list":["post-1353","page","type-page","status-publish","hentry"],"yoast_head":"<!-- This site is optimized with the Yoast SEO plugin v14.9 - https:\/\/yoast.com\/wordpress\/plugins\/seo\/ -->\n<title>- Destac Servi\u00e7os<\/title>\n<meta name=\"robots\" content=\"index, follow, max-snippet:-1, max-image-preview:large, max-video-preview:-1\" \/>\n<link rel=\"canonical\" href=\"https:\/\/destacservicos.com.br\/index.php\/onedgepro\/\" \/>\n<meta property=\"og:locale\" content=\"pt_BR\" \/>\n<meta property=\"og:type\" content=\"article\" \/>\n<meta property=\"og:title\" content=\"- Destac Servi\u00e7os\" \/>\n<meta property=\"og:description\" content=\"Linha Edge ESPECIFICA\u00c7\u00d5ES ONE EDGE PRO A\u00a0inovadora FLIR ONE Edge Pro sem conecta sem fio ao seu dispositivo\u00a0inteligente, para facilitar a\u00a0inspe\u00e7\u00e3o de alvos que estejam fora de alcance. Voc\u00ea tamb\u00e9m pode fixar a c\u00e2mera no telefone ou tablet para realizar a opera\u00e7\u00e3o com apenas uma m\u00e3o. Esta c\u00e2mera termogr\u00e1fica para smartphones combina VividIR\u2122 e FLIR&hellip;&nbsp;Continue a ler &raquo;\" \/>\n<meta property=\"og:url\" content=\"https:\/\/destacservicos.com.br\/index.php\/onedgepro\/\" \/>\n<meta property=\"og:site_name\" content=\"Destac Servi\u00e7os\" \/>\n<meta property=\"article:modified_time\" content=\"2025-07-23T14:26:31+00:00\" \/>\n<meta property=\"og:image\" content=\"https:\/\/destacservicos.com.br\/wp-content\/uploads\/2025\/07\/images.png\" \/>\n<meta name=\"twitter:card\" content=\"summary_large_image\" \/>\n<script type=\"application\/ld+json\" class=\"yoast-schema-graph\">{\"@context\":\"https:\/\/schema.org\",\"@graph\":[{\"@type\":\"Organization\",\"@id\":\"https:\/\/destacservicos.com.br\/#organization\",\"name\":\"Destac Servi\\u00e7os\",\"url\":\"https:\/\/destacservicos.com.br\/\",\"sameAs\":[],\"logo\":{\"@type\":\"ImageObject\",\"@id\":\"https:\/\/destacservicos.com.br\/#logo\",\"inLanguage\":\"pt-BR\",\"url\":\"https:\/\/destacservicos.com.br\/wp-content\/uploads\/2020\/07\/WhatsApp-Image-2020-03-17-at-10.23.42-1.jpeg\",\"width\":688,\"height\":232,\"caption\":\"Destac Servi\\u00e7os\"},\"image\":{\"@id\":\"https:\/\/destacservicos.com.br\/#logo\"}},{\"@type\":\"WebSite\",\"@id\":\"https:\/\/destacservicos.com.br\/#website\",\"url\":\"https:\/\/destacservicos.com.br\/\",\"name\":\"Destac Servi\\u00e7os\",\"description\":\"L\\u00edder na baixada santista\",\"publisher\":{\"@id\":\"https:\/\/destacservicos.com.br\/#organization\"},\"potentialAction\":[{\"@type\":\"SearchAction\",\"target\":\"https:\/\/destacservicos.com.br\/?s={search_term_string}\",\"query-input\":\"required name=search_term_string\"}],\"inLanguage\":\"pt-BR\"},{\"@type\":\"ImageObject\",\"@id\":\"https:\/\/destacservicos.com.br\/index.php\/onedgepro\/#primaryimage\",\"inLanguage\":\"pt-BR\",\"url\":\"https:\/\/destacservicos.com.br\/wp-content\/uploads\/2025\/07\/images.png\",\"width\":301,\"height\":167},{\"@type\":\"WebPage\",\"@id\":\"https:\/\/destacservicos.com.br\/index.php\/onedgepro\/#webpage\",\"url\":\"https:\/\/destacservicos.com.br\/index.php\/onedgepro\/\",\"name\":\"- Destac Servi\\u00e7os\",\"isPartOf\":{\"@id\":\"https:\/\/destacservicos.com.br\/#website\"},\"primaryImageOfPage\":{\"@id\":\"https:\/\/destacservicos.com.br\/index.php\/onedgepro\/#primaryimage\"},\"datePublished\":\"2025-07-23T14:23:07+00:00\",\"dateModified\":\"2025-07-23T14:26:31+00:00\",\"inLanguage\":\"pt-BR\",\"potentialAction\":[{\"@type\":\"ReadAction\",\"target\":[\"https:\/\/destacservicos.com.br\/index.php\/onedgepro\/\"]}]}]}<\/script>\n<!-- \/ Yoast SEO plugin. -->","_links":{"self":[{"href":"https:\/\/destacservicos.com.br\/index.php\/wp-json\/wp\/v2\/pages\/1353","targetHints":{"allow":["GET"]}}],"collection":[{"href":"https:\/\/destacservicos.com.br\/index.php\/wp-json\/wp\/v2\/pages"}],"about":[{"href":"https:\/\/destacservicos.com.br\/index.php\/wp-json\/wp\/v2\/types\/page"}],"author":[{"embeddable":true,"href":"https:\/\/destacservicos.com.br\/index.php\/wp-json\/wp\/v2\/users\/1"}],"replies":[{"embeddable":true,"href":"https:\/\/destacservicos.com.br\/index.php\/wp-json\/wp\/v2\/comments?post=1353"}],"version-history":[{"count":4,"href":"https:\/\/destacservicos.com.br\/index.php\/wp-json\/wp\/v2\/pages\/1353\/revisions"}],"predecessor-version":[{"id":1358,"href":"https:\/\/destacservicos.com.br\/index.php\/wp-json\/wp\/v2\/pages\/1353\/revisions\/1358"}],"wp:attachment":[{"href":"https:\/\/destacservicos.com.br\/index.php\/wp-json\/wp\/v2\/media?parent=1353"}],"curies":[{"name":"wp","href":"https:\/\/api.w.org\/{rel}","templated":true}]}}