{"id":1348,"date":"2025-07-23T11:16:23","date_gmt":"2025-07-23T14:16:23","guid":{"rendered":"https:\/\/destacservicos.com.br\/?page_id=1348"},"modified":"2025-07-28T15:56:34","modified_gmt":"2025-07-28T18:56:34","slug":"e8pro","status":"publish","type":"page","link":"https:\/\/destacservicos.com.br\/index.php\/e8pro\/","title":{"rendered":""},"content":{"rendered":"\t\t<div data-elementor-type=\"wp-page\" data-elementor-id=\"1348\" class=\"elementor elementor-1348\">\n\t\t\t\t\t\t<section class=\"elementor-section elementor-top-section elementor-element elementor-element-6d17a218 elementor-section-stretched elementor-section-boxed elementor-section-height-default elementor-section-height-default\" data-id=\"6d17a218\" data-element_type=\"section\" data-settings=\"{&quot;background_background&quot;:&quot;classic&quot;,&quot;stretch_section&quot;:&quot;section-stretched&quot;}\">\n\t\t\t\t\t\t<div class=\"elementor-container elementor-column-gap-default\">\n\t\t\t\t\t<div class=\"elementor-column elementor-col-100 elementor-top-column elementor-element elementor-element-4992145e\" data-id=\"4992145e\" data-element_type=\"column\">\n\t\t\t<div class=\"elementor-widget-wrap elementor-element-populated\">\n\t\t\t\t\t\t<div class=\"elementor-element elementor-element-465b2855 elementor-widget elementor-widget-heading\" data-id=\"465b2855\" data-element_type=\"widget\" data-widget_type=\"heading.default\">\n\t\t\t\t<div class=\"elementor-widget-container\">\n\t\t\t\t\t<h1 class=\"elementor-heading-title elementor-size-default\">Linha Ex Pro<\/h1>\t\t\t\t<\/div>\n\t\t\t\t<\/div>\n\t\t\t\t\t<\/div>\n\t\t<\/div>\n\t\t\t\t\t<\/div>\n\t\t<\/section>\n\t\t\t\t<section class=\"elementor-section elementor-top-section elementor-element elementor-element-61fee46d elementor-section-boxed elementor-section-height-default elementor-section-height-default\" data-id=\"61fee46d\" data-element_type=\"section\">\n\t\t\t\t\t\t<div class=\"elementor-container elementor-column-gap-default\">\n\t\t\t\t\t<div class=\"elementor-column elementor-col-100 elementor-top-column elementor-element elementor-element-4307acb2\" data-id=\"4307acb2\" data-element_type=\"column\">\n\t\t\t<div class=\"elementor-widget-wrap elementor-element-populated\">\n\t\t\t\t\t\t<section class=\"elementor-section elementor-inner-section elementor-element elementor-element-33035bce elementor-section-content-middle elementor-section-boxed elementor-section-height-default elementor-section-height-default\" data-id=\"33035bce\" data-element_type=\"section\">\n\t\t\t\t\t\t<div class=\"elementor-container elementor-column-gap-default\">\n\t\t\t\t\t<div class=\"elementor-column elementor-col-50 elementor-inner-column elementor-element elementor-element-ec0307d\" data-id=\"ec0307d\" data-element_type=\"column\">\n\t\t\t<div class=\"elementor-widget-wrap elementor-element-populated\">\n\t\t\t\t\t\t<div class=\"elementor-element elementor-element-277f256e elementor-widget elementor-widget-heading\" data-id=\"277f256e\" data-element_type=\"widget\" data-widget_type=\"heading.default\">\n\t\t\t\t<div class=\"elementor-widget-container\">\n\t\t\t\t\t<span class=\"elementor-heading-title elementor-size-default\">ESPECIFICA\u00c7\u00d5ES<\/span>\t\t\t\t<\/div>\n\t\t\t\t<\/div>\n\t\t\t\t<div class=\"elementor-element elementor-element-5b3c0552 elementor-widget elementor-widget-heading\" data-id=\"5b3c0552\" data-element_type=\"widget\" data-widget_type=\"heading.default\">\n\t\t\t\t<div class=\"elementor-widget-container\">\n\t\t\t\t\t<h1 class=\"elementor-heading-title elementor-size-default\">E8 PRO<\/h1>\t\t\t\t<\/div>\n\t\t\t\t<\/div>\n\t\t\t\t<div class=\"elementor-element elementor-element-29e18697 elementor-widget elementor-widget-text-editor\" data-id=\"29e18697\" data-element_type=\"widget\" data-widget_type=\"text-editor.default\">\n\t\t\t\t<div class=\"elementor-widget-container\">\n\t\t\t\t\t\t\t\t\t<p>A FLIR E8 Pro \u00e9 sua ferramenta essencial para localizar e diagnosticar problemas el\u00e9tricos, mec\u00e2nicos e de constru\u00e7\u00e3o. Localize rapidamente os pontos quentes e identifique facilmente os problemas usando imagens t\u00e9rmicas vibrantes compat\u00edveis com o aprimoramento MSX\u00ae (Gera\u00e7\u00e3o de imagens din\u00e2micas multiespectrais) patenteado pela FLIR. Suas inspe\u00e7\u00f5es ser\u00e3o mais eficientes porque voc\u00ea pode fazer todo o seu trabalho na tela sens\u00edvel ao toque: organizar suas fotos, adicionar anota\u00e7\u00f5es detalhadas e carreg\u00e1-las diretamente na nuvem FLIR Ignite para ter acesso pr\u00e1tico de qualquer dispositivo. Quando estiver tudo pronto para compartilhar imagens e criar relat\u00f3rios de clientes, suas imagens e anota\u00e7\u00f5es j\u00e1 estar\u00e3o dispon\u00edveis para uso no FLIR Ignite ou FLIR Thermal Studio para uma experi\u00eancia mais simplificada.<br \/>Todas as novas compras da FLIR s\u00e9rie Ex Pro incluem uma\u00a0<b>garantia estendida FLIR Protect, assinatura FLIR Ignite Pro de 12 meses e treinamento sobre a FLIR s\u00e9rie Ex Pro e os fundamentos de IV pela FLIR Academy<\/b>, tornando-a a c\u00e2mera termogr\u00e1fica de melhor valor de sua classe e uma ferramenta essencial para seu trabalho di\u00e1rio.<\/p>\t\t\t\t\t\t\t\t<\/div>\n\t\t\t\t<\/div>\n\t\t\t\t<div class=\"elementor-element elementor-element-3589d3f7 elementor-align-left elementor-mobile-align-justify elementor-widget elementor-widget-button\" data-id=\"3589d3f7\" data-element_type=\"widget\" data-widget_type=\"button.default\">\n\t\t\t\t<div class=\"elementor-widget-container\">\n\t\t\t\t\t\t\t\t\t<div class=\"elementor-button-wrapper\">\n\t\t\t\t\t<a class=\"elementor-button elementor-button-link elementor-size-lg\" href=\"http:\/\/wa.me\/5513974093533\">\n\t\t\t\t\t\t<span class=\"elementor-button-content-wrapper\">\n\t\t\t\t\t\t\t\t\t<span class=\"elementor-button-text\">COMPRE AGORA<\/span>\n\t\t\t\t\t<\/span>\n\t\t\t\t\t<\/a>\n\t\t\t\t<\/div>\n\t\t\t\t\t\t\t\t<\/div>\n\t\t\t\t<\/div>\n\t\t\t\t\t<\/div>\n\t\t<\/div>\n\t\t\t\t<div class=\"elementor-column elementor-col-50 elementor-inner-column elementor-element elementor-element-155ff1d0\" data-id=\"155ff1d0\" data-element_type=\"column\">\n\t\t\t<div class=\"elementor-widget-wrap elementor-element-populated\">\n\t\t\t\t\t\t<div class=\"elementor-element elementor-element-cdbcdd7 elementor-widget elementor-widget-image\" data-id=\"cdbcdd7\" data-element_type=\"widget\" data-widget_type=\"image.default\">\n\t\t\t\t<div class=\"elementor-widget-container\">\n\t\t\t\t\t\t\t\t\t\t\t\t\t\t\t<img fetchpriority=\"high\" decoding=\"async\" width=\"301\" height=\"167\" src=\"https:\/\/destacservicos.com.br\/wp-content\/uploads\/2025\/07\/images.png\" class=\"attachment-large size-large wp-image-1195\" alt=\"\" \/>\t\t\t\t\t\t\t\t\t\t\t\t\t\t\t<\/div>\n\t\t\t\t<\/div>\n\t\t\t\t<div class=\"elementor-element elementor-element-726ff261 elementor-widget elementor-widget-image\" data-id=\"726ff261\" data-element_type=\"widget\" data-widget_type=\"image.default\">\n\t\t\t\t<div class=\"elementor-widget-container\">\n\t\t\t\t\t\t\t\t\t\t\t\t\t\t\t<img decoding=\"async\" width=\"1414\" height=\"2000\" src=\"https:\/\/destacservicos.com.br\/wp-content\/uploads\/2025\/07\/TABELA-FLIR.jpg\" class=\"attachment-2048x2048 size-2048x2048 wp-image-1197\" alt=\"\" srcset=\"https:\/\/destacservicos.com.br\/wp-content\/uploads\/2025\/07\/TABELA-FLIR.jpg 1414w, https:\/\/destacservicos.com.br\/wp-content\/uploads\/2025\/07\/TABELA-FLIR-212x300.jpg 212w, https:\/\/destacservicos.com.br\/wp-content\/uploads\/2025\/07\/TABELA-FLIR-724x1024.jpg 724w, https:\/\/destacservicos.com.br\/wp-content\/uploads\/2025\/07\/TABELA-FLIR-768x1086.jpg 768w, https:\/\/destacservicos.com.br\/wp-content\/uploads\/2025\/07\/TABELA-FLIR-1086x1536.jpg 1086w, https:\/\/destacservicos.com.br\/wp-content\/uploads\/2025\/07\/TABELA-FLIR-600x849.jpg 600w\" sizes=\"(max-width: 1414px) 100vw, 1414px\" \/>\t\t\t\t\t\t\t\t\t\t\t\t\t\t\t<\/div>\n\t\t\t\t<\/div>\n\t\t\t\t\t<\/div>\n\t\t<\/div>\n\t\t\t\t\t<\/div>\n\t\t<\/section>\n\t\t\t\t\t<\/div>\n\t\t<\/div>\n\t\t\t\t\t<\/div>\n\t\t<\/section>\n\t\t\t\t<section class=\"elementor-section elementor-top-section elementor-element elementor-element-425f680a elementor-section-stretched elementor-section-boxed elementor-section-height-default elementor-section-height-default\" data-id=\"425f680a\" data-element_type=\"section\" data-settings=\"{&quot;background_background&quot;:&quot;classic&quot;,&quot;stretch_section&quot;:&quot;section-stretched&quot;}\">\n\t\t\t\t\t\t<div class=\"elementor-container elementor-column-gap-default\">\n\t\t\t\t\t<div class=\"elementor-column elementor-col-100 elementor-top-column elementor-element elementor-element-22f34104\" data-id=\"22f34104\" data-element_type=\"column\">\n\t\t\t<div class=\"elementor-widget-wrap elementor-element-populated\">\n\t\t\t\t\t\t<section class=\"elementor-section elementor-inner-section elementor-element elementor-element-3e902543 elementor-section-boxed elementor-section-height-default elementor-section-height-default\" data-id=\"3e902543\" data-element_type=\"section\">\n\t\t\t\t\t\t<div class=\"elementor-container elementor-column-gap-default\">\n\t\t\t\t\t<div class=\"elementor-column elementor-col-100 elementor-inner-column elementor-element elementor-element-13a2003d\" data-id=\"13a2003d\" data-element_type=\"column\" data-settings=\"{&quot;background_background&quot;:&quot;classic&quot;}\">\n\t\t\t<div class=\"elementor-widget-wrap elementor-element-populated\">\n\t\t\t\t\t\t<div class=\"elementor-element elementor-element-5f078699 elementor-widget elementor-widget-heading\" data-id=\"5f078699\" data-element_type=\"widget\" data-widget_type=\"heading.default\">\n\t\t\t\t<div class=\"elementor-widget-container\">\n\t\t\t\t\t<span class=\"elementor-heading-title elementor-size-default\">solicite seu or\u00e7amento <\/span>\t\t\t\t<\/div>\n\t\t\t\t<\/div>\n\t\t\t\t<div class=\"elementor-element elementor-element-b182824 elementor-widget elementor-widget-heading\" data-id=\"b182824\" data-element_type=\"widget\" data-widget_type=\"heading.default\">\n\t\t\t\t<div class=\"elementor-widget-container\">\n\t\t\t\t\t<h2 class=\"elementor-heading-title elementor-size-default\">QUER COMPRAR UMA <br>C\u00c2MERA T\u00c9RMICA?<\/h2>\t\t\t\t<\/div>\n\t\t\t\t<\/div>\n\t\t\t\t<div class=\"elementor-element elementor-element-4dc83618 elementor-widget elementor-widget-spacer\" data-id=\"4dc83618\" data-element_type=\"widget\" data-widget_type=\"spacer.default\">\n\t\t\t\t<div class=\"elementor-widget-container\">\n\t\t\t\t\t\t\t<div class=\"elementor-spacer\">\n\t\t\t<div class=\"elementor-spacer-inner\"><\/div>\n\t\t<\/div>\n\t\t\t\t\t\t<\/div>\n\t\t\t\t<\/div>\n\t\t\t\t<div class=\"elementor-element elementor-element-2b38252d elementor-align-center elementor-mobile-align-justify elementor-widget elementor-widget-button\" data-id=\"2b38252d\" data-element_type=\"widget\" data-widget_type=\"button.default\">\n\t\t\t\t<div class=\"elementor-widget-container\">\n\t\t\t\t\t\t\t\t\t<div class=\"elementor-button-wrapper\">\n\t\t\t\t\t<a class=\"elementor-button elementor-button-link elementor-size-lg\" href=\"http:\/\/wa.me\/5513974093533\">\n\t\t\t\t\t\t<span class=\"elementor-button-content-wrapper\">\n\t\t\t\t\t\t\t\t\t<span class=\"elementor-button-text\">SOLICITE SEU OR\u00c7AMENTO AGORA<\/span>\n\t\t\t\t\t<\/span>\n\t\t\t\t\t<\/a>\n\t\t\t\t<\/div>\n\t\t\t\t\t\t\t\t<\/div>\n\t\t\t\t<\/div>\n\t\t\t\t\t<\/div>\n\t\t<\/div>\n\t\t\t\t\t<\/div>\n\t\t<\/section>\n\t\t\t\t\t<\/div>\n\t\t<\/div>\n\t\t\t\t\t<\/div>\n\t\t<\/section>\n\t\t\t\t<section class=\"elementor-section elementor-top-section elementor-element elementor-element-158d117 elementor-section-boxed elementor-section-height-default elementor-section-height-default\" data-id=\"158d117\" data-element_type=\"section\">\n\t\t\t\t\t\t<div class=\"elementor-container elementor-column-gap-default\">\n\t\t\t\t\t<div class=\"elementor-column elementor-col-50 elementor-top-column elementor-element elementor-element-46d50f1\" data-id=\"46d50f1\" data-element_type=\"column\">\n\t\t\t<div class=\"elementor-widget-wrap elementor-element-populated\">\n\t\t\t\t\t\t<div class=\"elementor-element elementor-element-43f2f626 elementor-widget elementor-widget-text-editor\" data-id=\"43f2f626\" data-element_type=\"widget\" data-widget_type=\"text-editor.default\">\n\t\t\t\t<div class=\"elementor-widget-container\">\n\t\t\t\t\t\t\t\t\t<ul><li>Resolu\u00e7\u00e3o t\u00e9rmica de 320 \u00d7 240 (76.800\u00a0pixels)<\/li><li>Sensibilidade t\u00e9rmica: &lt;0,04\u00b0C (0,07\u00b0F) \/ &lt;40 mK a 30\u00b0C (86\u00b0F)<\/li><li>Resolu\u00e7\u00e3o espacial (IFOV): 1,8 mrad<\/li><li>Aprimoramento de contraste\/amplitude com 1 toque<\/li><li>Armazenamento em nuvem FLIR Ignite<sup>TM<\/sup><\/li><li>Temperatura estendida: 550\u00b0C\/1.022\u00b0F<\/li><li>Aprimoramento de imagens MSX\u00ae<\/li><li>Conectividade Wi-Fi<\/li><\/ul>\t\t\t\t\t\t\t\t<\/div>\n\t\t\t\t<\/div>\n\t\t\t\t\t<\/div>\n\t\t<\/div>\n\t\t\t\t<div class=\"elementor-column elementor-col-50 elementor-top-column elementor-element elementor-element-5c50d96d\" data-id=\"5c50d96d\" data-element_type=\"column\">\n\t\t\t<div class=\"elementor-widget-wrap elementor-element-populated\">\n\t\t\t\t\t\t<div class=\"elementor-element elementor-element-78102aef elementor-widget elementor-widget-image\" data-id=\"78102aef\" data-element_type=\"widget\" data-widget_type=\"image.default\">\n\t\t\t\t<div class=\"elementor-widget-container\">\n\t\t\t\t\t\t\t\t\t\t\t\t\t\t\t<img decoding=\"async\" width=\"930\" height=\"620\" src=\"https:\/\/destacservicos.com.br\/wp-content\/uploads\/2025\/07\/WhatsApp-Image-2025-07-28-at-15.38.03-930x620.jpeg\" class=\"attachment-neve-blog size-neve-blog wp-image-1433\" alt=\"\" \/>\t\t\t\t\t\t\t\t\t\t\t\t\t\t\t<\/div>\n\t\t\t\t<\/div>\n\t\t\t\t\t<\/div>\n\t\t<\/div>\n\t\t\t\t\t<\/div>\n\t\t<\/section>\n\t\t\t\t<\/div>\n\t\t","protected":false},"excerpt":{"rendered":"<p>Linha Ex Pro ESPECIFICA\u00c7\u00d5ES E8 PRO A FLIR E8 Pro \u00e9 sua ferramenta essencial para localizar e diagnosticar problemas el\u00e9tricos, mec\u00e2nicos e de constru\u00e7\u00e3o. Localize rapidamente os pontos quentes e identifique facilmente os problemas usando imagens t\u00e9rmicas vibrantes compat\u00edveis com o aprimoramento MSX\u00ae (Gera\u00e7\u00e3o de imagens din\u00e2micas multiespectrais) patenteado pela FLIR. Suas inspe\u00e7\u00f5es ser\u00e3o mais&hellip;&nbsp;<a href=\"https:\/\/destacservicos.com.br\/index.php\/e8pro\/\" class=\"\" rel=\"bookmark\">Continue a ler &raquo;<span class=\"screen-reader-text\"><\/span><\/a><\/p>\n","protected":false},"author":1,"featured_media":0,"parent":0,"menu_order":0,"comment_status":"closed","ping_status":"closed","template":"","meta":{"footnotes":""},"class_list":["post-1348","page","type-page","status-publish","hentry"],"yoast_head":"<!-- This site is optimized with the Yoast SEO plugin v14.9 - https:\/\/yoast.com\/wordpress\/plugins\/seo\/ -->\n<title>- Destac Servi\u00e7os<\/title>\n<meta name=\"robots\" content=\"index, follow, max-snippet:-1, max-image-preview:large, max-video-preview:-1\" \/>\n<link rel=\"canonical\" href=\"https:\/\/destacservicos.com.br\/index.php\/e8pro\/\" \/>\n<meta property=\"og:locale\" content=\"pt_BR\" \/>\n<meta property=\"og:type\" content=\"article\" \/>\n<meta property=\"og:title\" content=\"- Destac Servi\u00e7os\" \/>\n<meta property=\"og:description\" content=\"Linha Ex Pro ESPECIFICA\u00c7\u00d5ES E8 PRO A FLIR E8 Pro \u00e9 sua ferramenta essencial para localizar e diagnosticar problemas el\u00e9tricos, mec\u00e2nicos e de constru\u00e7\u00e3o. Localize rapidamente os pontos quentes e identifique facilmente os problemas usando imagens t\u00e9rmicas vibrantes compat\u00edveis com o aprimoramento MSX\u00ae (Gera\u00e7\u00e3o de imagens din\u00e2micas multiespectrais) patenteado pela FLIR. Suas inspe\u00e7\u00f5es ser\u00e3o mais&hellip;&nbsp;Continue a ler &raquo;\" \/>\n<meta property=\"og:url\" content=\"https:\/\/destacservicos.com.br\/index.php\/e8pro\/\" \/>\n<meta property=\"og:site_name\" content=\"Destac Servi\u00e7os\" \/>\n<meta property=\"article:modified_time\" content=\"2025-07-28T18:56:34+00:00\" \/>\n<meta property=\"og:image\" content=\"https:\/\/destacservicos.com.br\/wp-content\/uploads\/2025\/07\/images.png\" \/>\n<meta name=\"twitter:card\" content=\"summary_large_image\" \/>\n<script type=\"application\/ld+json\" class=\"yoast-schema-graph\">{\"@context\":\"https:\/\/schema.org\",\"@graph\":[{\"@type\":\"Organization\",\"@id\":\"https:\/\/destacservicos.com.br\/#organization\",\"name\":\"Destac Servi\\u00e7os\",\"url\":\"https:\/\/destacservicos.com.br\/\",\"sameAs\":[],\"logo\":{\"@type\":\"ImageObject\",\"@id\":\"https:\/\/destacservicos.com.br\/#logo\",\"inLanguage\":\"pt-BR\",\"url\":\"https:\/\/destacservicos.com.br\/wp-content\/uploads\/2020\/07\/WhatsApp-Image-2020-03-17-at-10.23.42-1.jpeg\",\"width\":688,\"height\":232,\"caption\":\"Destac Servi\\u00e7os\"},\"image\":{\"@id\":\"https:\/\/destacservicos.com.br\/#logo\"}},{\"@type\":\"WebSite\",\"@id\":\"https:\/\/destacservicos.com.br\/#website\",\"url\":\"https:\/\/destacservicos.com.br\/\",\"name\":\"Destac Servi\\u00e7os\",\"description\":\"L\\u00edder na baixada santista\",\"publisher\":{\"@id\":\"https:\/\/destacservicos.com.br\/#organization\"},\"potentialAction\":[{\"@type\":\"SearchAction\",\"target\":\"https:\/\/destacservicos.com.br\/?s={search_term_string}\",\"query-input\":\"required name=search_term_string\"}],\"inLanguage\":\"pt-BR\"},{\"@type\":\"ImageObject\",\"@id\":\"https:\/\/destacservicos.com.br\/index.php\/e8pro\/#primaryimage\",\"inLanguage\":\"pt-BR\",\"url\":\"https:\/\/destacservicos.com.br\/wp-content\/uploads\/2025\/07\/images.png\",\"width\":301,\"height\":167},{\"@type\":\"WebPage\",\"@id\":\"https:\/\/destacservicos.com.br\/index.php\/e8pro\/#webpage\",\"url\":\"https:\/\/destacservicos.com.br\/index.php\/e8pro\/\",\"name\":\"- Destac Servi\\u00e7os\",\"isPartOf\":{\"@id\":\"https:\/\/destacservicos.com.br\/#website\"},\"primaryImageOfPage\":{\"@id\":\"https:\/\/destacservicos.com.br\/index.php\/e8pro\/#primaryimage\"},\"datePublished\":\"2025-07-23T14:16:23+00:00\",\"dateModified\":\"2025-07-28T18:56:34+00:00\",\"inLanguage\":\"pt-BR\",\"potentialAction\":[{\"@type\":\"ReadAction\",\"target\":[\"https:\/\/destacservicos.com.br\/index.php\/e8pro\/\"]}]}]}<\/script>\n<!-- \/ Yoast SEO plugin. -->","_links":{"self":[{"href":"https:\/\/destacservicos.com.br\/index.php\/wp-json\/wp\/v2\/pages\/1348","targetHints":{"allow":["GET"]}}],"collection":[{"href":"https:\/\/destacservicos.com.br\/index.php\/wp-json\/wp\/v2\/pages"}],"about":[{"href":"https:\/\/destacservicos.com.br\/index.php\/wp-json\/wp\/v2\/types\/page"}],"author":[{"embeddable":true,"href":"https:\/\/destacservicos.com.br\/index.php\/wp-json\/wp\/v2\/users\/1"}],"replies":[{"embeddable":true,"href":"https:\/\/destacservicos.com.br\/index.php\/wp-json\/wp\/v2\/comments?post=1348"}],"version-history":[{"count":5,"href":"https:\/\/destacservicos.com.br\/index.php\/wp-json\/wp\/v2\/pages\/1348\/revisions"}],"predecessor-version":[{"id":1451,"href":"https:\/\/destacservicos.com.br\/index.php\/wp-json\/wp\/v2\/pages\/1348\/revisions\/1451"}],"wp:attachment":[{"href":"https:\/\/destacservicos.com.br\/index.php\/wp-json\/wp\/v2\/media?parent=1348"}],"curies":[{"name":"wp","href":"https:\/\/api.w.org\/{rel}","templated":true}]}}