{"id":1327,"date":"2025-07-22T17:52:43","date_gmt":"2025-07-22T20:52:43","guid":{"rendered":"https:\/\/destacservicos.com.br\/?page_id=1327"},"modified":"2025-07-28T15:56:04","modified_gmt":"2025-07-28T18:56:04","slug":"e6pro","status":"publish","type":"page","link":"https:\/\/destacservicos.com.br\/index.php\/e6pro\/","title":{"rendered":""},"content":{"rendered":"\t\t<div data-elementor-type=\"wp-page\" data-elementor-id=\"1327\" class=\"elementor elementor-1327\">\n\t\t\t\t\t\t<section class=\"elementor-section elementor-top-section elementor-element elementor-element-3e424ce9 elementor-section-stretched elementor-section-boxed elementor-section-height-default elementor-section-height-default\" data-id=\"3e424ce9\" data-element_type=\"section\" data-settings=\"{&quot;background_background&quot;:&quot;classic&quot;,&quot;stretch_section&quot;:&quot;section-stretched&quot;}\">\n\t\t\t\t\t\t<div class=\"elementor-container elementor-column-gap-default\">\n\t\t\t\t\t<div class=\"elementor-column elementor-col-100 elementor-top-column elementor-element elementor-element-24cb1444\" data-id=\"24cb1444\" data-element_type=\"column\">\n\t\t\t<div class=\"elementor-widget-wrap elementor-element-populated\">\n\t\t\t\t\t\t<div class=\"elementor-element elementor-element-75742cc4 elementor-widget elementor-widget-heading\" data-id=\"75742cc4\" data-element_type=\"widget\" data-widget_type=\"heading.default\">\n\t\t\t\t<div class=\"elementor-widget-container\">\n\t\t\t\t\t<h1 class=\"elementor-heading-title elementor-size-default\">Linha Ex Pro<\/h1>\t\t\t\t<\/div>\n\t\t\t\t<\/div>\n\t\t\t\t\t<\/div>\n\t\t<\/div>\n\t\t\t\t\t<\/div>\n\t\t<\/section>\n\t\t\t\t<section class=\"elementor-section elementor-top-section elementor-element elementor-element-1dd70e2a elementor-section-boxed elementor-section-height-default elementor-section-height-default\" data-id=\"1dd70e2a\" data-element_type=\"section\">\n\t\t\t\t\t\t<div class=\"elementor-container elementor-column-gap-default\">\n\t\t\t\t\t<div class=\"elementor-column elementor-col-100 elementor-top-column elementor-element elementor-element-430df3bf\" data-id=\"430df3bf\" data-element_type=\"column\">\n\t\t\t<div class=\"elementor-widget-wrap elementor-element-populated\">\n\t\t\t\t\t\t<section class=\"elementor-section elementor-inner-section elementor-element elementor-element-3c99eeba elementor-section-content-middle elementor-section-boxed elementor-section-height-default elementor-section-height-default\" data-id=\"3c99eeba\" data-element_type=\"section\">\n\t\t\t\t\t\t<div class=\"elementor-container elementor-column-gap-default\">\n\t\t\t\t\t<div class=\"elementor-column elementor-col-50 elementor-inner-column elementor-element elementor-element-18c28e44\" data-id=\"18c28e44\" data-element_type=\"column\">\n\t\t\t<div class=\"elementor-widget-wrap elementor-element-populated\">\n\t\t\t\t\t\t<div class=\"elementor-element elementor-element-32d82663 elementor-widget elementor-widget-heading\" data-id=\"32d82663\" data-element_type=\"widget\" data-widget_type=\"heading.default\">\n\t\t\t\t<div class=\"elementor-widget-container\">\n\t\t\t\t\t<span class=\"elementor-heading-title elementor-size-default\">ESPECIFICA\u00c7\u00d5ES<\/span>\t\t\t\t<\/div>\n\t\t\t\t<\/div>\n\t\t\t\t<div class=\"elementor-element elementor-element-5b3abef7 elementor-widget elementor-widget-heading\" data-id=\"5b3abef7\" data-element_type=\"widget\" data-widget_type=\"heading.default\">\n\t\t\t\t<div class=\"elementor-widget-container\">\n\t\t\t\t\t<h1 class=\"elementor-heading-title elementor-size-default\">E6 PRO<\/h1>\t\t\t\t<\/div>\n\t\t\t\t<\/div>\n\t\t\t\t<div class=\"elementor-element elementor-element-26efa24e elementor-widget elementor-widget-text-editor\" data-id=\"26efa24e\" data-element_type=\"widget\" data-widget_type=\"text-editor.default\">\n\t\t\t\t<div class=\"elementor-widget-container\">\n\t\t\t\t\t\t\t\t\t<p>A FLIR E6 Pro \u00e9 uma c\u00e2mera termogr\u00e1fica robusta de apontar e capturar que pode ajudar voc\u00ea a fazer inspe\u00e7\u00f5es com uma efici\u00eancia jamais vista. Localize e identifique problemas rapidamente, com resolu\u00e7\u00e3o t\u00e9rmica de 240 \u00d7 180 (43.200 pixels) e imagens t\u00e9rmicas vibrantes, suportadas pelo aprimoramento MSX\u00ae (Multi-Spectral Dynamic Imaging), patenteado pela FLIR. Com uma tela sens\u00edvel ao toque de 3,5 polegadas e 640 \u00d7 480, a E6 Pro simplifica seu fluxo de trabalho. Edite e organize suas fotos, adicione notas detalhadas e carregue os arquivos diretamente da c\u00e2mera na nuvem FLIR Ignite, para ter acesso pr\u00e1tico de qualquer dispositivo. Compartilhe imagens com clientes e crie relat\u00f3rios r\u00e1pidos diretamente no FLIR Ignite ou crie relat\u00f3rios avan\u00e7ados de clientes no FLIR Thermal Studio.<br \/>Todas as novas compras da FLIR s\u00e9rie Ex Pro incluem uma\u00a0<b>garantia estendida FLIR Protect, assinatura FLIR Ignite Pro de 12 meses e treinamento sobre a FLIR s\u00e9rie Ex Pro e fundamentos de IV pela FLIR Academy<\/b>, tornando-a a c\u00e2mera termogr\u00e1fica de melhor valor de sua classe e uma ferramenta essencial para seu trabalho di\u00e1rio.<\/p>\t\t\t\t\t\t\t\t<\/div>\n\t\t\t\t<\/div>\n\t\t\t\t<div class=\"elementor-element elementor-element-23848f58 elementor-align-left elementor-mobile-align-justify elementor-widget elementor-widget-button\" data-id=\"23848f58\" data-element_type=\"widget\" data-widget_type=\"button.default\">\n\t\t\t\t<div class=\"elementor-widget-container\">\n\t\t\t\t\t\t\t\t\t<div class=\"elementor-button-wrapper\">\n\t\t\t\t\t<a class=\"elementor-button elementor-button-link elementor-size-lg\" href=\"http:\/\/wa.me\/5513974093533\">\n\t\t\t\t\t\t<span class=\"elementor-button-content-wrapper\">\n\t\t\t\t\t\t\t\t\t<span class=\"elementor-button-text\">COMPRE AGORA<\/span>\n\t\t\t\t\t<\/span>\n\t\t\t\t\t<\/a>\n\t\t\t\t<\/div>\n\t\t\t\t\t\t\t\t<\/div>\n\t\t\t\t<\/div>\n\t\t\t\t\t<\/div>\n\t\t<\/div>\n\t\t\t\t<div class=\"elementor-column elementor-col-50 elementor-inner-column elementor-element elementor-element-6cafdae4\" data-id=\"6cafdae4\" data-element_type=\"column\">\n\t\t\t<div class=\"elementor-widget-wrap elementor-element-populated\">\n\t\t\t\t\t\t<div class=\"elementor-element elementor-element-705354a8 elementor-widget elementor-widget-image\" data-id=\"705354a8\" data-element_type=\"widget\" data-widget_type=\"image.default\">\n\t\t\t\t<div class=\"elementor-widget-container\">\n\t\t\t\t\t\t\t\t\t\t\t\t\t\t\t<img fetchpriority=\"high\" decoding=\"async\" width=\"301\" height=\"167\" src=\"https:\/\/destacservicos.com.br\/wp-content\/uploads\/2025\/07\/images.png\" class=\"attachment-large size-large wp-image-1195\" alt=\"\" \/>\t\t\t\t\t\t\t\t\t\t\t\t\t\t\t<\/div>\n\t\t\t\t<\/div>\n\t\t\t\t<div class=\"elementor-element elementor-element-6122bcc6 elementor-widget elementor-widget-image\" data-id=\"6122bcc6\" data-element_type=\"widget\" data-widget_type=\"image.default\">\n\t\t\t\t<div class=\"elementor-widget-container\">\n\t\t\t\t\t\t\t\t\t\t\t\t\t\t\t<img decoding=\"async\" width=\"930\" height=\"620\" src=\"https:\/\/destacservicos.com.br\/wp-content\/uploads\/2025\/07\/E8-PRO-2.jpg\" class=\"attachment-2048x2048 size-2048x2048 wp-image-1335\" alt=\"\" srcset=\"https:\/\/destacservicos.com.br\/wp-content\/uploads\/2025\/07\/E8-PRO-2.jpg 930w, https:\/\/destacservicos.com.br\/wp-content\/uploads\/2025\/07\/E8-PRO-2-300x200.jpg 300w, https:\/\/destacservicos.com.br\/wp-content\/uploads\/2025\/07\/E8-PRO-2-768x512.jpg 768w, https:\/\/destacservicos.com.br\/wp-content\/uploads\/2025\/07\/E8-PRO-2-600x400.jpg 600w\" sizes=\"(max-width: 930px) 100vw, 930px\" \/>\t\t\t\t\t\t\t\t\t\t\t\t\t\t\t<\/div>\n\t\t\t\t<\/div>\n\t\t\t\t\t<\/div>\n\t\t<\/div>\n\t\t\t\t\t<\/div>\n\t\t<\/section>\n\t\t\t\t\t<\/div>\n\t\t<\/div>\n\t\t\t\t\t<\/div>\n\t\t<\/section>\n\t\t\t\t<section class=\"elementor-section elementor-top-section elementor-element elementor-element-705cfe4 elementor-section-stretched elementor-section-boxed elementor-section-height-default elementor-section-height-default\" data-id=\"705cfe4\" data-element_type=\"section\" data-settings=\"{&quot;background_background&quot;:&quot;classic&quot;,&quot;stretch_section&quot;:&quot;section-stretched&quot;}\">\n\t\t\t\t\t\t<div class=\"elementor-container elementor-column-gap-default\">\n\t\t\t\t\t<div class=\"elementor-column elementor-col-100 elementor-top-column elementor-element elementor-element-7eeef8cf\" data-id=\"7eeef8cf\" data-element_type=\"column\">\n\t\t\t<div class=\"elementor-widget-wrap elementor-element-populated\">\n\t\t\t\t\t\t<section class=\"elementor-section elementor-inner-section elementor-element elementor-element-289cea31 elementor-section-boxed elementor-section-height-default elementor-section-height-default\" data-id=\"289cea31\" data-element_type=\"section\">\n\t\t\t\t\t\t<div class=\"elementor-container elementor-column-gap-default\">\n\t\t\t\t\t<div class=\"elementor-column elementor-col-100 elementor-inner-column elementor-element elementor-element-58d21a64\" data-id=\"58d21a64\" data-element_type=\"column\" data-settings=\"{&quot;background_background&quot;:&quot;classic&quot;}\">\n\t\t\t<div class=\"elementor-widget-wrap elementor-element-populated\">\n\t\t\t\t\t\t<div class=\"elementor-element elementor-element-201ae494 elementor-widget elementor-widget-heading\" data-id=\"201ae494\" data-element_type=\"widget\" data-widget_type=\"heading.default\">\n\t\t\t\t<div class=\"elementor-widget-container\">\n\t\t\t\t\t<span class=\"elementor-heading-title elementor-size-default\">solicite seu or\u00e7amento <\/span>\t\t\t\t<\/div>\n\t\t\t\t<\/div>\n\t\t\t\t<div class=\"elementor-element elementor-element-f100079 elementor-widget elementor-widget-heading\" data-id=\"f100079\" data-element_type=\"widget\" data-widget_type=\"heading.default\">\n\t\t\t\t<div class=\"elementor-widget-container\">\n\t\t\t\t\t<h2 class=\"elementor-heading-title elementor-size-default\">QUER COMPRAR UMA <br>C\u00c2MERA T\u00c9RMICA?<\/h2>\t\t\t\t<\/div>\n\t\t\t\t<\/div>\n\t\t\t\t<div class=\"elementor-element elementor-element-541f64a5 elementor-widget elementor-widget-spacer\" data-id=\"541f64a5\" data-element_type=\"widget\" data-widget_type=\"spacer.default\">\n\t\t\t\t<div class=\"elementor-widget-container\">\n\t\t\t\t\t\t\t<div class=\"elementor-spacer\">\n\t\t\t<div class=\"elementor-spacer-inner\"><\/div>\n\t\t<\/div>\n\t\t\t\t\t\t<\/div>\n\t\t\t\t<\/div>\n\t\t\t\t<div class=\"elementor-element elementor-element-3dc21ff7 elementor-align-center elementor-mobile-align-justify elementor-widget elementor-widget-button\" data-id=\"3dc21ff7\" data-element_type=\"widget\" data-widget_type=\"button.default\">\n\t\t\t\t<div class=\"elementor-widget-container\">\n\t\t\t\t\t\t\t\t\t<div class=\"elementor-button-wrapper\">\n\t\t\t\t\t<a class=\"elementor-button elementor-button-link elementor-size-lg\" href=\"http:\/\/wa.me\/5513974093533\">\n\t\t\t\t\t\t<span class=\"elementor-button-content-wrapper\">\n\t\t\t\t\t\t\t\t\t<span class=\"elementor-button-text\">SOLICITE SEU OR\u00c7AMENTO AGORA<\/span>\n\t\t\t\t\t<\/span>\n\t\t\t\t\t<\/a>\n\t\t\t\t<\/div>\n\t\t\t\t\t\t\t\t<\/div>\n\t\t\t\t<\/div>\n\t\t\t\t\t<\/div>\n\t\t<\/div>\n\t\t\t\t\t<\/div>\n\t\t<\/section>\n\t\t\t\t\t<\/div>\n\t\t<\/div>\n\t\t\t\t\t<\/div>\n\t\t<\/section>\n\t\t\t\t<section class=\"elementor-section elementor-top-section elementor-element elementor-element-26e23977 elementor-section-boxed elementor-section-height-default elementor-section-height-default\" data-id=\"26e23977\" data-element_type=\"section\">\n\t\t\t\t\t\t<div class=\"elementor-container elementor-column-gap-default\">\n\t\t\t\t\t<div class=\"elementor-column elementor-col-50 elementor-top-column elementor-element elementor-element-211d585a\" data-id=\"211d585a\" data-element_type=\"column\">\n\t\t\t<div class=\"elementor-widget-wrap elementor-element-populated\">\n\t\t\t\t\t\t<div class=\"elementor-element elementor-element-5c73ce8f elementor-widget elementor-widget-text-editor\" data-id=\"5c73ce8f\" data-element_type=\"widget\" data-widget_type=\"text-editor.default\">\n\t\t\t\t<div class=\"elementor-widget-container\">\n\t\t\t\t\t\t\t\t\t<ul><li>Resolu\u00e7\u00e3o t\u00e9rmica de 240 \u00d7 180 (43.200 pixels)<\/li><li>Sensibilidade t\u00e9rmica: &lt;0,05\u00b0C (0,09\u00b0F) \/ &lt;50 mK a 30\u00b0C (86\u00b0F)<\/li><li>Resolu\u00e7\u00e3o espacial (IFOV): 2,5 mrad<\/li><li>Aprimoramento de contraste\/amplitude com 1 toque<\/li><li>Armazenamento em nuvem FLIR Ignite<sup>TM<\/sup><\/li><li>Temperatura estendida: 550\u00b0C\/1.022\u00b0F<\/li><li>Aprimoramento de imagens MSX\u00ae<\/li><\/ul><p>Conectividade Wi-Fi<\/p>\t\t\t\t\t\t\t\t<\/div>\n\t\t\t\t<\/div>\n\t\t\t\t\t<\/div>\n\t\t<\/div>\n\t\t\t\t<div class=\"elementor-column elementor-col-50 elementor-top-column elementor-element elementor-element-bf59c95\" data-id=\"bf59c95\" data-element_type=\"column\">\n\t\t\t<div class=\"elementor-widget-wrap elementor-element-populated\">\n\t\t\t\t\t\t<div class=\"elementor-element elementor-element-27b820ec elementor-widget elementor-widget-image\" data-id=\"27b820ec\" data-element_type=\"widget\" data-widget_type=\"image.default\">\n\t\t\t\t<div class=\"elementor-widget-container\">\n\t\t\t\t\t\t\t\t\t\t\t\t\t\t\t<img decoding=\"async\" width=\"930\" height=\"620\" src=\"https:\/\/destacservicos.com.br\/wp-content\/uploads\/2025\/07\/WhatsApp-Image-2025-07-28-at-15.38.03-930x620.jpeg\" class=\"attachment-neve-blog size-neve-blog wp-image-1433\" alt=\"\" \/>\t\t\t\t\t\t\t\t\t\t\t\t\t\t\t<\/div>\n\t\t\t\t<\/div>\n\t\t\t\t\t<\/div>\n\t\t<\/div>\n\t\t\t\t\t<\/div>\n\t\t<\/section>\n\t\t\t\t<\/div>\n\t\t","protected":false},"excerpt":{"rendered":"<p>Linha Ex Pro ESPECIFICA\u00c7\u00d5ES E6 PRO A FLIR E6 Pro \u00e9 uma c\u00e2mera termogr\u00e1fica robusta de apontar e capturar que pode ajudar voc\u00ea a fazer inspe\u00e7\u00f5es com uma efici\u00eancia jamais vista. Localize e identifique problemas rapidamente, com resolu\u00e7\u00e3o t\u00e9rmica de 240 \u00d7 180 (43.200 pixels) e imagens t\u00e9rmicas vibrantes, suportadas pelo aprimoramento MSX\u00ae (Multi-Spectral Dynamic&hellip;&nbsp;<a href=\"https:\/\/destacservicos.com.br\/index.php\/e6pro\/\" class=\"\" rel=\"bookmark\">Continue a ler &raquo;<span class=\"screen-reader-text\"><\/span><\/a><\/p>\n","protected":false},"author":1,"featured_media":0,"parent":0,"menu_order":0,"comment_status":"closed","ping_status":"closed","template":"","meta":{"footnotes":""},"class_list":["post-1327","page","type-page","status-publish","hentry"],"yoast_head":"<!-- This site is optimized with the Yoast SEO plugin v14.9 - https:\/\/yoast.com\/wordpress\/plugins\/seo\/ -->\n<title>- Destac Servi\u00e7os<\/title>\n<meta name=\"robots\" content=\"index, follow, max-snippet:-1, max-image-preview:large, max-video-preview:-1\" \/>\n<link rel=\"canonical\" href=\"https:\/\/destacservicos.com.br\/index.php\/e6pro\/\" \/>\n<meta property=\"og:locale\" content=\"pt_BR\" \/>\n<meta property=\"og:type\" content=\"article\" \/>\n<meta property=\"og:title\" content=\"- Destac Servi\u00e7os\" \/>\n<meta property=\"og:description\" content=\"Linha Ex Pro ESPECIFICA\u00c7\u00d5ES E6 PRO A FLIR E6 Pro \u00e9 uma c\u00e2mera termogr\u00e1fica robusta de apontar e capturar que pode ajudar voc\u00ea a fazer inspe\u00e7\u00f5es com uma efici\u00eancia jamais vista. Localize e identifique problemas rapidamente, com resolu\u00e7\u00e3o t\u00e9rmica de 240 \u00d7 180 (43.200 pixels) e imagens t\u00e9rmicas vibrantes, suportadas pelo aprimoramento MSX\u00ae (Multi-Spectral Dynamic&hellip;&nbsp;Continue a ler &raquo;\" \/>\n<meta property=\"og:url\" content=\"https:\/\/destacservicos.com.br\/index.php\/e6pro\/\" \/>\n<meta property=\"og:site_name\" content=\"Destac Servi\u00e7os\" \/>\n<meta property=\"article:modified_time\" content=\"2025-07-28T18:56:04+00:00\" \/>\n<meta property=\"og:image\" content=\"https:\/\/destacservicos.com.br\/wp-content\/uploads\/2025\/07\/images.png\" \/>\n<meta name=\"twitter:card\" content=\"summary_large_image\" \/>\n<script type=\"application\/ld+json\" class=\"yoast-schema-graph\">{\"@context\":\"https:\/\/schema.org\",\"@graph\":[{\"@type\":\"Organization\",\"@id\":\"https:\/\/destacservicos.com.br\/#organization\",\"name\":\"Destac Servi\\u00e7os\",\"url\":\"https:\/\/destacservicos.com.br\/\",\"sameAs\":[],\"logo\":{\"@type\":\"ImageObject\",\"@id\":\"https:\/\/destacservicos.com.br\/#logo\",\"inLanguage\":\"pt-BR\",\"url\":\"https:\/\/destacservicos.com.br\/wp-content\/uploads\/2020\/07\/WhatsApp-Image-2020-03-17-at-10.23.42-1.jpeg\",\"width\":688,\"height\":232,\"caption\":\"Destac Servi\\u00e7os\"},\"image\":{\"@id\":\"https:\/\/destacservicos.com.br\/#logo\"}},{\"@type\":\"WebSite\",\"@id\":\"https:\/\/destacservicos.com.br\/#website\",\"url\":\"https:\/\/destacservicos.com.br\/\",\"name\":\"Destac Servi\\u00e7os\",\"description\":\"L\\u00edder na baixada santista\",\"publisher\":{\"@id\":\"https:\/\/destacservicos.com.br\/#organization\"},\"potentialAction\":[{\"@type\":\"SearchAction\",\"target\":\"https:\/\/destacservicos.com.br\/?s={search_term_string}\",\"query-input\":\"required name=search_term_string\"}],\"inLanguage\":\"pt-BR\"},{\"@type\":\"ImageObject\",\"@id\":\"https:\/\/destacservicos.com.br\/index.php\/e6pro\/#primaryimage\",\"inLanguage\":\"pt-BR\",\"url\":\"https:\/\/destacservicos.com.br\/wp-content\/uploads\/2025\/07\/images.png\",\"width\":301,\"height\":167},{\"@type\":\"WebPage\",\"@id\":\"https:\/\/destacservicos.com.br\/index.php\/e6pro\/#webpage\",\"url\":\"https:\/\/destacservicos.com.br\/index.php\/e6pro\/\",\"name\":\"- Destac Servi\\u00e7os\",\"isPartOf\":{\"@id\":\"https:\/\/destacservicos.com.br\/#website\"},\"primaryImageOfPage\":{\"@id\":\"https:\/\/destacservicos.com.br\/index.php\/e6pro\/#primaryimage\"},\"datePublished\":\"2025-07-22T20:52:43+00:00\",\"dateModified\":\"2025-07-28T18:56:04+00:00\",\"inLanguage\":\"pt-BR\",\"potentialAction\":[{\"@type\":\"ReadAction\",\"target\":[\"https:\/\/destacservicos.com.br\/index.php\/e6pro\/\"]}]}]}<\/script>\n<!-- \/ Yoast SEO plugin. -->","_links":{"self":[{"href":"https:\/\/destacservicos.com.br\/index.php\/wp-json\/wp\/v2\/pages\/1327","targetHints":{"allow":["GET"]}}],"collection":[{"href":"https:\/\/destacservicos.com.br\/index.php\/wp-json\/wp\/v2\/pages"}],"about":[{"href":"https:\/\/destacservicos.com.br\/index.php\/wp-json\/wp\/v2\/types\/page"}],"author":[{"embeddable":true,"href":"https:\/\/destacservicos.com.br\/index.php\/wp-json\/wp\/v2\/users\/1"}],"replies":[{"embeddable":true,"href":"https:\/\/destacservicos.com.br\/index.php\/wp-json\/wp\/v2\/comments?post=1327"}],"version-history":[{"count":5,"href":"https:\/\/destacservicos.com.br\/index.php\/wp-json\/wp\/v2\/pages\/1327\/revisions"}],"predecessor-version":[{"id":1450,"href":"https:\/\/destacservicos.com.br\/index.php\/wp-json\/wp\/v2\/pages\/1327\/revisions\/1450"}],"wp:attachment":[{"href":"https:\/\/destacservicos.com.br\/index.php\/wp-json\/wp\/v2\/media?parent=1327"}],"curies":[{"name":"wp","href":"https:\/\/api.w.org\/{rel}","templated":true}]}}